{"id":1163,"date":"2019-12-14T23:54:32","date_gmt":"2019-12-14T23:54:32","guid":{"rendered":"http:\/\/lemouronrouge.com\/datenschutzerklaerung\/"},"modified":"2021-01-14T15:45:52","modified_gmt":"2021-01-14T15:45:52","slug":"datenschutzerklaerung","status":"publish","type":"page","link":"http:\/\/lemouronrouge.com\/de\/datenschutzerklaerung\/","title":{"rendered":"Datenschutzerkl\u00e4rung"},"content":{"rendered":"\t\t<div data-elementor-type=\"wp-page\" data-elementor-id=\"1163\" class=\"elementor elementor-1163\" data-elementor-post-type=\"page\">\n\t\t\t\t\t\t<section class=\"elementor-section elementor-top-section elementor-element elementor-element-6bf54f5 elementor-section-full_width elementor-section-height-default elementor-section-height-default\" data-id=\"6bf54f5\" data-element_type=\"section\" data-e-type=\"section\">\n\t\t\t\t\t\t<div class=\"elementor-container elementor-column-gap-default\">\n\t\t\t\t\t<div class=\"elementor-column elementor-col-100 elementor-top-column elementor-element elementor-element-717d15f\" data-id=\"717d15f\" data-element_type=\"column\" data-e-type=\"column\">\n\t\t\t<div class=\"elementor-widget-wrap elementor-element-populated\">\n\t\t\t\t\t\t<div class=\"elementor-element elementor-element-4caffaa elementor--h-position-center elementor--v-position-middle elementor-widget elementor-widget-slides\" data-id=\"4caffaa\" data-element_type=\"widget\" data-e-type=\"widget\" data-settings=\"{&quot;navigation&quot;:&quot;none&quot;,&quot;autoplay&quot;:&quot;yes&quot;,&quot;autoplay_speed&quot;:5000,&quot;infinite&quot;:&quot;yes&quot;,&quot;transition&quot;:&quot;slide&quot;,&quot;transition_speed&quot;:500}\" data-widget_type=\"slides.default\">\n\t\t\t\t<div class=\"elementor-widget-container\">\n\t\t\t\t\t\t\t\t\t<div class=\"elementor-swiper\">\n\t\t\t\t\t<div class=\"elementor-slides-wrapper elementor-main-swiper swiper\" role=\"region\" aria-roledescription=\"carousel\" aria-label=\"Slider\" dir=\"ltr\" data-animation=\"fadeInUp\">\n\t\t\t\t<div class=\"swiper-wrapper elementor-slides\">\n\t\t\t\t\t\t\t\t\t\t<div class=\"elementor-repeater-item-269e9ca swiper-slide\" role=\"group\" aria-roledescription=\"slide\"><div class=\"swiper-slide-bg\" role=\"img\" aria-label=\"IMG 6910\"><\/div><div class=\"swiper-slide-inner\" ><div class=\"swiper-slide-contents\"><div class=\"elementor-slide-description\"><p>r<\/p>\n<\/div><\/div><\/div><\/div><div class=\"elementor-repeater-item-605d02b swiper-slide\" role=\"group\" aria-roledescription=\"slide\"><div class=\"swiper-slide-bg\" role=\"img\" aria-label=\"IMG 7146\"><\/div><div class=\"swiper-slide-inner\" ><div class=\"swiper-slide-contents\"><\/div><\/div><\/div><div class=\"elementor-repeater-item-b4d187e swiper-slide\" role=\"group\" aria-roledescription=\"slide\"><div class=\"swiper-slide-bg\" role=\"img\" aria-label=\"IMG 6909\"><\/div><div class=\"swiper-slide-inner\" ><div class=\"swiper-slide-contents\"><\/div><\/div><\/div><div class=\"elementor-repeater-item-e793bda swiper-slide\" role=\"group\" aria-roledescription=\"slide\"><div class=\"swiper-slide-bg\" role=\"img\" aria-label=\"IMG 1208uitzichtslider (1)\"><\/div><div class=\"swiper-slide-inner\" ><div class=\"swiper-slide-contents\"><\/div><\/div><\/div><div class=\"elementor-repeater-item-7b5e4d2 swiper-slide\" role=\"group\" aria-roledescription=\"slide\"><div class=\"swiper-slide-bg\" role=\"img\" aria-label=\"Tuin\"><\/div><div class=\"swiper-slide-inner\" ><div class=\"swiper-slide-contents\"><\/div><\/div><\/div>\t\t\t\t<\/div>\n\t\t\t\t\t\t\t\t\t\t\t\t\t\t\t\t\t\t\t\t\t<\/div>\n\t\t\t\t<\/div>\n\t\t\t\t\t\t\t\t<\/div>\n\t\t\t\t<\/div>\n\t\t\t\t\t<\/div>\n\t\t<\/div>\n\t\t\t\t\t<\/div>\n\t\t<\/section>\n\t\t\t\t<section class=\"elementor-section elementor-top-section elementor-element elementor-element-643a94ce elementor-section-boxed elementor-section-height-default elementor-section-height-default\" data-id=\"643a94ce\" data-element_type=\"section\" data-e-type=\"section\">\n\t\t\t\t\t\t<div class=\"elementor-container elementor-column-gap-default\">\n\t\t\t\t\t<div class=\"elementor-column elementor-col-100 elementor-top-column elementor-element elementor-element-462a433c\" data-id=\"462a433c\" data-element_type=\"column\" data-e-type=\"column\">\n\t\t\t<div class=\"elementor-widget-wrap elementor-element-populated\">\n\t\t\t\t\t\t<div class=\"elementor-element elementor-element-17772c98 elementor-invisible elementor-widget elementor-widget-heading\" data-id=\"17772c98\" data-element_type=\"widget\" data-e-type=\"widget\" data-settings=\"{&quot;_animation&quot;:&quot;fadeInLeft&quot;,&quot;_animation_delay&quot;:500}\" data-widget_type=\"heading.default\">\n\t\t\t\t<div class=\"elementor-widget-container\">\n\t\t\t\t\t<h1 class=\"elementor-heading-title elementor-size-default\">Datenschutzerkl\u00e4rung<\/h1>\t\t\t\t<\/div>\n\t\t\t\t<\/div>\n\t\t\t\t\t<\/div>\n\t\t<\/div>\n\t\t\t\t\t<\/div>\n\t\t<\/section>\n\t\t\t\t<section class=\"elementor-section elementor-top-section elementor-element elementor-element-3e4f8f3f elementor-section-boxed elementor-section-height-default elementor-section-height-default\" data-id=\"3e4f8f3f\" data-element_type=\"section\" data-e-type=\"section\">\n\t\t\t\t\t\t<div class=\"elementor-container elementor-column-gap-default\">\n\t\t\t\t\t<div class=\"elementor-column elementor-col-100 elementor-top-column elementor-element elementor-element-3782886c\" data-id=\"3782886c\" data-element_type=\"column\" data-e-type=\"column\">\n\t\t\t<div class=\"elementor-widget-wrap elementor-element-populated\">\n\t\t\t\t\t\t<div class=\"elementor-element elementor-element-2b568724 elementor-widget elementor-widget-text-editor\" data-id=\"2b568724\" data-element_type=\"widget\" data-e-type=\"widget\" data-widget_type=\"text-editor.default\">\n\t\t\t\t<div class=\"elementor-widget-container\">\n\t\t\t\t\t\t\t\t\t<p>Residence Le Mouron Rouge, befindet sich in 1115 Route du Luc BP 9 83680 La Garde-Freinet Frankreich Tel: 00 33 (0) 4 94 43 66 33 Port: 00 33 (0) 6 10 20 73 39, ist verantwortlich f\u00fcr die Verarbeitung pers\u00f6nliche Daten wie in dieser Datenschutzerkl\u00e4rung angegeben.<\/p>\n<p><strong>Kontaktdaten<br \/>\n<\/strong><a href=\"https:\/\/lemouronrouge.com\/\">www.lemouronrouge.com<\/a><br \/>\nResidence Le Mouron Rouge<br \/>\n1115 Route du Luc<br \/>\nBP 9 83680 La Garde-Freinet Frankrijk<br \/>\nTe\u0301l: 00 33 (0)4 94 43 66 33<br \/>\nPort: 00 33 (0)6 10 20 73 39 +33494436633<\/p>\n<p>Donna Ponticorvo ist die Datenschutzbeauftragte der Residence Le Mouron Rouge Er kann \u00fcber\u00a0<span id=\"cloakf4e52508247df53b7a44247ffaede9cc\"><a href=\"mailto:reservation@lemouronrouge.com\">reservation@lemouronrouge.com<\/a><\/span>\u00a0erreicht werden<\/p>\n<p><strong>Pers\u00f6nliche Daten, die wir verarbeiten<\/strong><br \/>\nResidence Le Mouron Rouge verarbeitet keine pers\u00f6nlichen Daten, da auf unserer Website keine pers\u00f6nlichen Daten zur\u00fcckgelassen werden k\u00f6nnen. Wir verwenden auch keine Social-Media-Plugins.<\/p>\n<p><strong>Spezielle und \/ oder sensible personenbezogene Daten, die wir verarbeiten<\/strong><br \/>\nUnsere Website und \/ oder Dienst hat nicht die Absicht, Daten \u00fcber Website-Besucher zu sammeln, die j\u00fcnger als 16 Jahre sind. Es sei denn, sie haben die Erlaubnis von Eltern oder Erziehungsberechtigten. Wir k\u00f6nnen jedoch nicht \u00fcberpr\u00fcfen, ob ein Besucher \u00e4lter als 16 ist. Deshalb raten wir Eltern, sich an den Online-Aktivit\u00e4ten von ihre Kinder, um zu verhindern, dass Daten \u00fcber Kinder ohne elterliche Zustimmung gesammelt werden. Wenn Sie \u00fcberzeugt sind, dass wir ohne diese Zustimmung pers\u00f6nliche Informationen \u00fcber Minderj\u00e4hrige gesammelt haben, kontaktieren Sie uns bitte unter\u00a0<span id=\"cloakbf66fa23d813f4ba2c207dc85f5ec9ea\"><a href=\"mailto:reservation@lemouronrouge.com\">reservation@lemouronrouge.com<\/a><\/span>\u00a0und wir werden diese Informationen l\u00f6schen.<\/p>\n<p><strong>Zu welchem Zweck und auf welcher Grundlage verarbeiten wir personenbezogene Daten?<\/strong><br \/>\nResidence Le Mouron Rouge verarbeitet Ihre pers\u00f6nlichen Daten f\u00fcr folgende Zwecke: &#8211; Abwicklung Ihrer Zahlung oder Reservierung.<\/p>\n<p><strong>Automatisierte Entscheidungsfindung<\/strong><br \/>\nDie Residence Le Mouron Rouge trifft keine Entscheidungen, die auf einer automatisierten Verarbeitung in Angelegenheiten beruhen, die (signifikante) Konsequenzen f\u00fcr Menschen haben k\u00f6nnen. Dies sind Entscheidungen, die von Computerprogrammen oder Systemen getroffen werden, ohne dass eine Person (zum Beispiel ein Mitarbeiter der Residence Le Mouron Rouge) dazwischen sitzt. Residence Le Mouron Rouge verwendet die folgenden Computerprogramme oder -systeme: beds24.com<\/p>\n<p><strong>Wie lang wir Daten speicheren<\/strong><br \/>\nDie Residence Le Mouron Rouge speichert Ihre personenbezogenen Daten nicht l\u00e4nger als unbedingt erforderlich, um die Zwecke zu realisieren, f\u00fcr die Ihre Daten erhoben werden. Wir verwenden die folgenden Aufbewahrungsfristen f\u00fcr die folgenden (Kategorien) Personenzahler Daten:<\/p>\n<p>(Kategorie) personenbezogene Daten&gt; Aufbewahrungsfrist&gt; 1 Monat<br \/>\nGrund Personalia&gt; Aufbewahrungsfrist&gt; 1 Monat<br \/>\nGrund Adresse&gt; Aufbewahrungsfrist&gt; 1 Monat<br \/>\nGrund Enzovoort&gt; Aufbewahrungsfrist&gt; 1 Monat<\/p>\n<p><strong>Weitergabe personenbezogener Daten an Dritte<\/strong><br \/>\nResidence Le Mouron Rouge bietet ausschlie\u00dflich an Dritte und nur, wenn dies f\u00fcr die Ausf\u00fchrung unserer Vereinbarung mit Ihnen oder zur Erf\u00fcllung einer gesetzlichen Verpflichtung erforderlich ist.<\/p>\n<p><strong>Cookies oder \u00e4hnliche Techniken, die wir verwenden<\/strong><br \/>\nDie Residence Le Mouron Rouge verwendet keine Cookies oder \u00e4hnliche Techniken.<\/p>\n<p><strong>Daten anzeigen, \u00e4ndern oder l\u00f6schen<\/strong><br \/>\nSie haben das Recht, Ihre pers\u00f6nlichen Daten einzusehen, zu korrigieren oder zu l\u00f6schen. Sie k\u00f6nnen dies selbst \u00fcber die pers\u00f6nlichen Einstellungen Ihres Kontos tun. Dar\u00fcber hinaus haben Sie das Recht, Ihre Einwilligung in die Datenverarbeitung zu widerrufen oder der Verarbeitung Ihrer personenbezogenen Daten durch unser Unternehmen zu widersprechen, und Sie haben das Recht auf Daten\u00fcbertragbarkeit. Das hei\u00dft, Sie uns anfordern k\u00f6nnen die pers\u00f6nlichen Daten, die wir von Ihnen in einer Computerdatei auf Sie oder jemand anderes zu senden haben, Sie erw\u00e4hnten Organisation. Wenn Sie Ihr Widerspruchsrecht und \/ oder Recht auf Daten\u00fcbertragbarkeit aus\u00fcben m\u00f6chten oder wenn Sie andere Fragen \/ Anmerkungen zur Datenverarbeitung haben, senden Sie bitte eine bestimmte Anfrage an\u00a0<span id=\"cloak5666beaca06d207b789ce1df7311346e\"><\/span><a href=\"mailto:reservation@lemouronrouge.com\">reservation@lemouronrouge.com<\/a>.\u00a0Um sicherzustellen, dass die Zugangsanfrage von Ihnen gestellt wurde, bitten wir Sie, eine Kopie Ihres Ausweises zusammen mit der Anfrage zu senden. Machen Sie diese Kopie Ihres Passes, MRZ (maschinenlesbare Zone, wobei die Streifen mit Zahlen unterhalb dem Pass), Passnummer und Sozialversicherungsnummer (SSN) schwarz. Dies dient dem Schutz Ihrer Privatsph\u00e4re. Residence Le Mouron Rouge wird so schnell wie m\u00f6glich auf Ihre Anfrage antworten, auf jeden Fall aber innerhalb von vier Wochen. Die Residence Le Mouron Rouge weist auch darauf hin, dass Sie die M\u00f6glichkeit haben, bei der nationalen Aufsichtsbeh\u00f6rde, der niederl\u00e4ndischen Datenschutzbeh\u00f6rde, Beschwerde einzulegen. Dies kann \u00fcber den folgenden Link geschehen:\u00a0<a href=\"https:\/\/autoriteitpersogegegevens.nl\/nl\/contact-met-de-autoriteit-persoonsgegevens\/tip-ons\">https:\/\/autoriteitpersogegegevens.nl\/nl\/contact-met-de-autoriteit-persoonsgegevens\/tip-ons<\/a><\/p>\n<p><strong>Wie sch\u00fctzen wir personenbezogene Daten?<\/strong><br \/>\nResidence Le Mouron Rouge nimmt den Schutz Ihrer Daten ernst und ergreift geeignete Ma\u00dfnahmen, um Missbrauch, Verlust, unbefugten Zugriff, unerw\u00fcnschte Offenlegung und unautorisierte \u00c4nderungen zu verhindern. Wenn Sie den Eindruck haben, dass Ihre Daten nicht sicher sind oder Anzeichen f\u00fcr Missbrauch vorliegen, wenden Sie sich bitte an unseren Kundenservice oder per\u00a0<span id=\"cloak13d2d0cdfb7303840d4ea182a3abb4f7\"><a href=\"mailto:reservation@lemouronrouge.com\">reservation@lemouronrouge.com<\/a><\/span><\/p>\n\t\t\t\t\t\t\t\t<\/div>\n\t\t\t\t<\/div>\n\t\t\t\t\t<\/div>\n\t\t<\/div>\n\t\t\t\t\t<\/div>\n\t\t<\/section>\n\t\t\t\t<section class=\"elementor-section elementor-top-section elementor-element elementor-element-3c72e042 elementor-section-boxed elementor-section-height-default elementor-section-height-default\" data-id=\"3c72e042\" data-element_type=\"section\" data-e-type=\"section\">\n\t\t\t\t\t\t<div class=\"elementor-container elementor-column-gap-default\">\n\t\t\t\t\t<div class=\"elementor-column elementor-col-100 elementor-top-column elementor-element elementor-element-efdbb58\" data-id=\"efdbb58\" data-element_type=\"column\" data-e-type=\"column\">\n\t\t\t<div class=\"elementor-widget-wrap\">\n\t\t\t\t\t\t\t<\/div>\n\t\t<\/div>\n\t\t\t\t\t<\/div>\n\t\t<\/section>\n\t\t\t\t<section class=\"elementor-section elementor-top-section elementor-element elementor-element-20bd71c1 elementor-section-boxed elementor-section-height-default elementor-section-height-default\" data-id=\"20bd71c1\" data-element_type=\"section\" data-e-type=\"section\">\n\t\t\t\t\t\t<div class=\"elementor-container elementor-column-gap-default\">\n\t\t\t\t\t<div class=\"elementor-column elementor-col-100 elementor-top-column elementor-element elementor-element-27c8416\" data-id=\"27c8416\" data-element_type=\"column\" data-e-type=\"column\">\n\t\t\t<div class=\"elementor-widget-wrap\">\n\t\t\t\t\t\t\t<\/div>\n\t\t<\/div>\n\t\t\t\t\t<\/div>\n\t\t<\/section>\n\t\t\t\t<section class=\"elementor-section elementor-top-section elementor-element elementor-element-330fbe2 elementor-section-boxed elementor-section-height-default elementor-section-height-default\" data-id=\"330fbe2\" data-element_type=\"section\" data-e-type=\"section\">\n\t\t\t\t\t\t<div class=\"elementor-container elementor-column-gap-default\">\n\t\t\t\t\t<div class=\"elementor-column elementor-col-100 elementor-top-column elementor-element elementor-element-e0ffee5\" data-id=\"e0ffee5\" data-element_type=\"column\" data-e-type=\"column\">\n\t\t\t<div class=\"elementor-widget-wrap\">\n\t\t\t\t\t\t\t<\/div>\n\t\t<\/div>\n\t\t\t\t\t<\/div>\n\t\t<\/section>\n\t\t\t\t<\/div>\n\t\t","protected":false},"excerpt":{"rendered":"<p>r Datenschutzerkl\u00e4rung Residence Le Mouron Rouge, befindet sich in 1115 Route du Luc BP 9 83680 La Garde-Freinet Frankreich Tel: 00 33 (0) 4 94 43 66 33 Port: 00 33 (0) 6 10 20 73 39, ist verantwortlich f\u00fcr die Verarbeitung pers\u00f6nliche Daten wie in dieser Datenschutzerkl\u00e4rung angegeben. Kontaktdaten www.lemouronrouge.com Residence Le Mouron Rouge [&hellip;]<\/p>\n","protected":false},"author":1,"featured_media":0,"parent":0,"menu_order":0,"comment_status":"closed","ping_status":"closed","template":"","meta":{"site-sidebar-layout":"no-sidebar","site-content-layout":"page-builder","ast-site-content-layout":"default","site-content-style":"default","site-sidebar-style":"default","ast-global-header-display":"","ast-banner-title-visibility":"","ast-main-header-display":"","ast-hfb-above-header-display":"","ast-hfb-below-header-display":"","ast-hfb-mobile-header-display":"","site-post-title":"disabled","ast-breadcrumbs-content":"","ast-featured-img":"disabled","footer-sml-layout":"","ast-disable-related-posts":"","theme-transparent-header-meta":"default","adv-header-id-meta":"","stick-header-meta":"default","header-above-stick-meta":"","header-main-stick-meta":"","header-below-stick-meta":"","astra-migrate-meta-layouts":"default","ast-page-background-enabled":"default","ast-page-background-meta":{"desktop":{"background-color":"","background-image":"","background-repeat":"repeat","background-position":"center center","background-size":"auto","background-attachment":"scroll","background-type":"","background-media":"","overlay-type":"","overlay-color":"","overlay-opacity":"","overlay-gradient":""},"tablet":{"background-color":"","background-image":"","background-repeat":"repeat","background-position":"center center","background-size":"auto","background-attachment":"scroll","background-type":"","background-media":"","overlay-type":"","overlay-color":"","overlay-opacity":"","overlay-gradient":""},"mobile":{"background-color":"","background-image":"","background-repeat":"repeat","background-position":"center center","background-size":"auto","background-attachment":"scroll","background-type":"","background-media":"","overlay-type":"","overlay-color":"","overlay-opacity":"","overlay-gradient":""}},"ast-content-background-meta":{"desktop":{"background-color":"var(--ast-global-color-5)","background-image":"","background-repeat":"repeat","background-position":"center center","background-size":"auto","background-attachment":"scroll","background-type":"","background-media":"","overlay-type":"","overlay-color":"","overlay-opacity":"","overlay-gradient":""},"tablet":{"background-color":"var(--ast-global-color-5)","background-image":"","background-repeat":"repeat","background-position":"center center","background-size":"auto","background-attachment":"scroll","background-type":"","background-media":"","overlay-type":"","overlay-color":"","overlay-opacity":"","overlay-gradient":""},"mobile":{"background-color":"var(--ast-global-color-5)","background-image":"","background-repeat":"repeat","background-position":"center center","background-size":"auto","background-attachment":"scroll","background-type":"","background-media":"","overlay-type":"","overlay-color":"","overlay-opacity":"","overlay-gradient":""}},"footnotes":""},"class_list":["post-1163","page","type-page","status-publish","hentry"],"_links":{"self":[{"href":"http:\/\/lemouronrouge.com\/de\/wp-json\/wp\/v2\/pages\/1163","targetHints":{"allow":["GET"]}}],"collection":[{"href":"http:\/\/lemouronrouge.com\/de\/wp-json\/wp\/v2\/pages"}],"about":[{"href":"http:\/\/lemouronrouge.com\/de\/wp-json\/wp\/v2\/types\/page"}],"author":[{"embeddable":true,"href":"http:\/\/lemouronrouge.com\/de\/wp-json\/wp\/v2\/users\/1"}],"replies":[{"embeddable":true,"href":"http:\/\/lemouronrouge.com\/de\/wp-json\/wp\/v2\/comments?post=1163"}],"version-history":[{"count":4,"href":"http:\/\/lemouronrouge.com\/de\/wp-json\/wp\/v2\/pages\/1163\/revisions"}],"predecessor-version":[{"id":2737,"href":"http:\/\/lemouronrouge.com\/de\/wp-json\/wp\/v2\/pages\/1163\/revisions\/2737"}],"wp:attachment":[{"href":"http:\/\/lemouronrouge.com\/de\/wp-json\/wp\/v2\/media?parent=1163"}],"curies":[{"name":"wp","href":"https:\/\/api.w.org\/{rel}","templated":true}]}}