{"id":1134,"date":"2019-12-13T08:15:50","date_gmt":"2019-12-13T08:15:50","guid":{"rendered":"http:\/\/lemouronrouge.com\/allgemeine-bedingungen\/"},"modified":"2023-09-11T14:14:02","modified_gmt":"2023-09-11T14:14:02","slug":"allgemeine-bedingungen","status":"publish","type":"page","link":"https:\/\/lemouronrouge.com\/de\/allgemeine-bedingungen\/","title":{"rendered":"Allgemeine Bedingungen"},"content":{"rendered":"\t\t<div data-elementor-type=\"wp-page\" data-elementor-id=\"1134\" class=\"elementor elementor-1134\" data-elementor-post-type=\"page\">\n\t\t\t\t\t\t<section class=\"elementor-section elementor-top-section elementor-element elementor-element-2ddaef1 elementor-section-full_width elementor-section-height-default elementor-section-height-default\" data-id=\"2ddaef1\" data-element_type=\"section\" data-e-type=\"section\">\n\t\t\t\t\t\t<div class=\"elementor-container elementor-column-gap-default\">\n\t\t\t\t\t<div class=\"elementor-column elementor-col-100 elementor-top-column elementor-element elementor-element-280b8a2\" data-id=\"280b8a2\" data-element_type=\"column\" data-e-type=\"column\">\n\t\t\t<div class=\"elementor-widget-wrap elementor-element-populated\">\n\t\t\t\t\t\t<div class=\"elementor-element elementor-element-7cc1aef elementor--h-position-center elementor--v-position-middle elementor-widget elementor-widget-slides\" data-id=\"7cc1aef\" data-element_type=\"widget\" data-e-type=\"widget\" data-settings=\"{&quot;navigation&quot;:&quot;none&quot;,&quot;autoplay&quot;:&quot;yes&quot;,&quot;autoplay_speed&quot;:5000,&quot;infinite&quot;:&quot;yes&quot;,&quot;transition&quot;:&quot;slide&quot;,&quot;transition_speed&quot;:500}\" data-widget_type=\"slides.default\">\n\t\t\t\t<div class=\"elementor-widget-container\">\n\t\t\t\t\t\t\t\t\t<div class=\"elementor-swiper\">\n\t\t\t\t\t<div class=\"elementor-slides-wrapper elementor-main-swiper swiper\" role=\"region\" aria-roledescription=\"carousel\" aria-label=\"Slider\" dir=\"ltr\" data-animation=\"fadeInUp\">\n\t\t\t\t<div class=\"swiper-wrapper elementor-slides\">\n\t\t\t\t\t\t\t\t\t\t<div class=\"elementor-repeater-item-269e9ca swiper-slide\" role=\"group\" aria-roledescription=\"slide\"><div class=\"swiper-slide-bg\" role=\"img\" aria-label=\"IMG 6910\"><\/div><div class=\"swiper-slide-inner\" ><div class=\"swiper-slide-contents\"><\/div><\/div><\/div><div class=\"elementor-repeater-item-a52eef7 swiper-slide\" role=\"group\" aria-roledescription=\"slide\"><div class=\"swiper-slide-bg\" role=\"img\" aria-label=\"Lavendel\"><\/div><div class=\"swiper-slide-inner\" ><div class=\"swiper-slide-contents\"><\/div><\/div><\/div><div class=\"elementor-repeater-item-605d02b swiper-slide\" role=\"group\" aria-roledescription=\"slide\"><div class=\"swiper-slide-bg\" role=\"img\" aria-label=\"IMG 7146\"><\/div><div class=\"swiper-slide-inner\" ><div class=\"swiper-slide-contents\"><\/div><\/div><\/div><div class=\"elementor-repeater-item-b4d187e swiper-slide\" role=\"group\" aria-roledescription=\"slide\"><div class=\"swiper-slide-bg\" role=\"img\" aria-label=\"IMG 6909\"><\/div><div class=\"swiper-slide-inner\" ><div class=\"swiper-slide-contents\"><\/div><\/div><\/div><div class=\"elementor-repeater-item-e793bda swiper-slide\" role=\"group\" aria-roledescription=\"slide\"><div class=\"swiper-slide-bg\" role=\"img\" aria-label=\"IMG 20190606 WA0029\"><\/div><div class=\"swiper-slide-inner\" ><div class=\"swiper-slide-contents\"><\/div><\/div><\/div><div class=\"elementor-repeater-item-7b5e4d2 swiper-slide\" role=\"group\" aria-roledescription=\"slide\"><div class=\"swiper-slide-bg\" role=\"img\" aria-label=\"Tuin\"><\/div><div class=\"swiper-slide-inner\" ><div class=\"swiper-slide-contents\"><\/div><\/div><\/div>\t\t\t\t<\/div>\n\t\t\t\t\t\t\t\t\t\t\t\t\t\t\t\t\t\t\t\t\t<\/div>\n\t\t\t\t<\/div>\n\t\t\t\t\t\t\t\t<\/div>\n\t\t\t\t<\/div>\n\t\t\t\t\t<\/div>\n\t\t<\/div>\n\t\t\t\t\t<\/div>\n\t\t<\/section>\n\t\t\t\t<section class=\"elementor-section elementor-top-section elementor-element elementor-element-2f6ac1c1 elementor-section-boxed elementor-section-height-default elementor-section-height-default\" data-id=\"2f6ac1c1\" data-element_type=\"section\" data-e-type=\"section\">\n\t\t\t\t\t\t<div class=\"elementor-container elementor-column-gap-default\">\n\t\t\t\t\t<div class=\"elementor-column elementor-col-100 elementor-top-column elementor-element elementor-element-43490c63\" data-id=\"43490c63\" data-element_type=\"column\" data-e-type=\"column\">\n\t\t\t<div class=\"elementor-widget-wrap elementor-element-populated\">\n\t\t\t\t\t\t<div class=\"elementor-element elementor-element-4099e0da elementor-invisible elementor-widget elementor-widget-heading\" data-id=\"4099e0da\" data-element_type=\"widget\" data-e-type=\"widget\" data-settings=\"{&quot;_animation&quot;:&quot;fadeInLeft&quot;,&quot;_animation_delay&quot;:500}\" data-widget_type=\"heading.default\">\n\t\t\t\t<div class=\"elementor-widget-container\">\n\t\t\t\t\t<h1 class=\"elementor-heading-title elementor-size-default\">Allgemeine gesch\u00e4ftsbedingungen<\/h1>\t\t\t\t<\/div>\n\t\t\t\t<\/div>\n\t\t\t\t\t<\/div>\n\t\t<\/div>\n\t\t\t\t\t<\/div>\n\t\t<\/section>\n\t\t\t\t<section class=\"elementor-section elementor-top-section elementor-element elementor-element-24ae3bea elementor-section-boxed elementor-section-height-default elementor-section-height-default\" data-id=\"24ae3bea\" data-element_type=\"section\" data-e-type=\"section\">\n\t\t\t\t\t\t<div class=\"elementor-container elementor-column-gap-default\">\n\t\t\t\t\t<div class=\"elementor-column elementor-col-100 elementor-top-column elementor-element elementor-element-436ac4f7\" data-id=\"436ac4f7\" data-element_type=\"column\" data-e-type=\"column\">\n\t\t\t<div class=\"elementor-widget-wrap elementor-element-populated\">\n\t\t\t\t\t\t<div class=\"elementor-element elementor-element-1a4dd5d0 elementor-widget elementor-widget-text-editor\" data-id=\"1a4dd5d0\" data-element_type=\"widget\" data-e-type=\"widget\" data-widget_type=\"text-editor.default\">\n\t\t\t\t<div class=\"elementor-widget-container\">\n\t\t\t\t\t\t\t\t\t<p>Die folgenden Bedingungen gelten f\u00fcr alle m\u00f6blierten Ferienunterk\u00fcnfte in Le Mouron Rouge, 83680, La Garde-Freinet, Frankreich.\u00a0<\/p><p>Wenn Sie eines unserer Objekte buchen, gehen wir davon aus, dass Sie unsere Bedingungen gelesen haben und damit einverstanden sind.<\/p><p><span style=\"color: #ff0000;\"><strong>Aufenthalt<\/strong><\/span><\/p><p>&#8211; Die Ankunft ist ab 16.00 Uhr m\u00f6glich. Abreise nicht sp\u00e4ter als 10.00 Uhr.<\/p><p>&#8211; Einchecken au\u00dferhalb dieser Zeiten ist nach telefonischer Absprache m\u00f6glich 0033 (0) 6 10 20 73 39\u00a0<\/p><p>&#8211; Die Endreinigung wird nicht berechnet. Wir gehen davon aus, dass Sie das Ferienhaus so sauber verlassen, wie Sie es vorgefunden haben. Wir bitten Sie jedoch, die Unterkunft sauber zu hinterlassen, den K\u00fchlschrank zu leeren, das Geschirr zu sp\u00fclen und den M\u00fcll zu entsorgen.<\/p><p>&#8211; Ihr Ferienhaus ist mit einem Geschirrtuch, einer Sp\u00fclb\u00fcrste, einem Sp\u00fclmittel, M\u00fcllbeuteln, Handseife, Streichh\u00f6lzern, einer Nespresso-Maschine, einem Wasserkocher, einem Toaster, einem Herd, einem K\u00fchlschrank und einem Ofen ausgestattet. Tischtuch\/Platzdeckchen, Korkenzieher, Toilettenpapier, Kochutensilien, Geschirr und Besteck sind ebenfalls vorhanden.<\/p><p>&#8211; Bettw\u00e4sche, Handt\u00fccher, Badet\u00fccher und Geschirrt\u00fccher sind im Preis inbegriffen.<\/p><p>&#8211; Eine Waschmaschine steht zu Ihrer Verf\u00fcgung:\u00a0<span style=\"font-size: 14px; font-style: normal; font-weight: 400; color: var( --e-global-color-text );\">\u20ac<\/span><span style=\"font-size: 14px; color: var( --e-global-color-text );\">\u00a05,00 pro Waschgang. Die Waschmaschine befindet sich im Hauptgeb\u00e4ude und ist zur gemeinsamen Nutzung vorgesehen.<\/span><\/p><p>&#8211; Haustiere sind in begrenztem Umfang erlaubt und m\u00fcssen bei der Buchung angegeben werden. Der Vermieter kann den Zutritt verweigern, wenn der Mieter mit einem Haustier anreist, ohne es angemeldet zu haben.<\/p><p>&#8211; Haustiere sind im Juli\/August nicht erlaubt.<\/p><p>&#8211; Es ist verboten, in den Ferienh\u00e4usern zu rauchen.<\/p><p>&#8211; Sollten Sie Personen empfangen, die ebenfalls unsere Einrichtungen nutzen m\u00f6chten, bitten wir Sie, uns zu konsultieren!<\/p><p><strong><span style=\"color: #ff0000;\">Stornierung<\/span><\/strong><\/p><p>&#8211; Stornierungen m\u00fcssen uns schriftlich mitgeteilt werden. Ma\u00dfgeblich ist das Datum, an dem die Stornierung bei uns eingeht.<\/p><p>&#8211; Storniert der Mieter fr\u00fcher als 6 Wochen vor Beginn des Mietzeitraums, entsprechen die Stornierungskosten der Kaution.<\/p><p>&#8211; Storniert der Mieter weniger als 6 Wochen vor Mietbeginn, betragen die Stornierungskosten 100 % des Gesamtmietpreises.<\/p><p>&#8211; Wir empfehlen Ihnen den Abschluss einer R\u00fccktritts- und Reiseversicherung.<\/p><p><strong><span style=\"color: #ff0000;\">Haftung<\/span><\/strong><\/p><p>&#8211; Der Vermieter haftet gegen\u00fcber dem Mieter nicht f\u00fcr Sch\u00e4den oder Diebstahl am Eigentum des Mieters.<\/p><p>&#8211; Der Vermieter haftet nicht f\u00fcr Unf\u00e4lle oder Verletzungen, die dem Mieter und anderen Personen w\u00e4hrend ihres Aufenthalts zusto\u00dfen, es sei denn, dies ist die Folge eines dem Vermieter zuzurechnenden Mangels am Mietobjekt.<\/p><p>&#8211; Der Mieter haftet gegen\u00fcber dem Vermieter f\u00fcr Sch\u00e4den am Mietobjekt und am Grundst\u00fcck sowie f\u00fcr Sch\u00e4den am Eigentum anderer Mieter und am Eigentum des Vermieters, die durch Handlungen oder Unterlassungen des Mieters, seiner Familienmitglieder und der von ihm zugelassenen Besucher verursacht werden.<\/p><p>&#8211; Der Vermieter haftet nicht f\u00fcr die Folgen von extremen Witterungsbedingungen oder anderen Formen h\u00f6herer Gewalt; &#8211; Der Vermieter haftet nicht f\u00fcr Ausf\u00e4lle der Versorgungseinrichtungen.<\/p><p>&#8211; Der Mieter kann das Schwimmbad benutzen. Die Benutzung des Pools erfolgt jedoch auf eigene Gefahr. Kinder sollten das Schwimmbad niemals ohne elterliche Aufsicht benutzen.<\/p><p>&#8211; Wir \u00fcbernehmen keine Haftung f\u00fcr die Nutzung des Pools.<\/p><p><strong><span style=\"color: #ff0000;\">Haustiere<\/span><\/strong><\/p><p>&#8211; Andere G\u00e4ste d\u00fcrfen durch die Anwesenheit Ihres Haustieres nicht gest\u00f6rt werden.<\/p><p>\u00a0<\/p><p>&#8211; Es ist nicht erlaubt, Ihr Haustier unbeaufsichtigt auf dem Gel\u00e4nde oder in der Herberge zu lassen.<\/p><p>&#8211; Unser Gel\u00e4nde ist geschlossen, kann aber von allen Arten von Tieren besucht werden. Ihr Haustier muss &#8222;tierschutzgerecht&#8220; sein.<\/p><p>&#8211; Ihr Haustier darf seine Bed\u00fcrfnisse nicht auf dem Grundst\u00fcck selbst verrichten. Im Falle eines &#8222;Unfalls&#8220; ist der Besitzer verpflichtet, diesen zu beseitigen.<\/p><p>&#8211; Die Geb\u00fchr f\u00fcr den Aufenthalt eines Haustieres betr\u00e4gt\u00a0<span style=\"font-size: 14px; font-style: normal; font-weight: 400; color: var( --e-global-color-text );\">\u20ac\u00a0<\/span><span style=\"font-size: 14px; color: var( --e-global-color-text );\">5,00 pro Tag.<\/span><\/p>\t\t\t\t\t\t\t\t<\/div>\n\t\t\t\t<\/div>\n\t\t\t\t\t<\/div>\n\t\t<\/div>\n\t\t\t\t\t<\/div>\n\t\t<\/section>\n\t\t\t\t<section class=\"elementor-section elementor-top-section elementor-element elementor-element-2a8afd8d elementor-section-boxed elementor-section-height-default elementor-section-height-default\" data-id=\"2a8afd8d\" data-element_type=\"section\" data-e-type=\"section\">\n\t\t\t\t\t\t<div class=\"elementor-container elementor-column-gap-default\">\n\t\t\t\t\t<div class=\"elementor-column elementor-col-100 elementor-top-column elementor-element elementor-element-54edbed\" data-id=\"54edbed\" data-element_type=\"column\" data-e-type=\"column\">\n\t\t\t<div class=\"elementor-widget-wrap\">\n\t\t\t\t\t\t\t<\/div>\n\t\t<\/div>\n\t\t\t\t\t<\/div>\n\t\t<\/section>\n\t\t\t\t<section class=\"elementor-section elementor-top-section elementor-element elementor-element-51840db0 elementor-section-boxed elementor-section-height-default elementor-section-height-default\" data-id=\"51840db0\" data-element_type=\"section\" data-e-type=\"section\">\n\t\t\t\t\t\t<div class=\"elementor-container elementor-column-gap-default\">\n\t\t\t\t\t<div class=\"elementor-column elementor-col-100 elementor-top-column elementor-element elementor-element-cb1c167\" data-id=\"cb1c167\" data-element_type=\"column\" data-e-type=\"column\">\n\t\t\t<div class=\"elementor-widget-wrap\">\n\t\t\t\t\t\t\t<\/div>\n\t\t<\/div>\n\t\t\t\t\t<\/div>\n\t\t<\/section>\n\t\t\t\t<section class=\"elementor-section elementor-top-section elementor-element elementor-element-47bd2cb5 elementor-section-boxed elementor-section-height-default elementor-section-height-default\" data-id=\"47bd2cb5\" data-element_type=\"section\" data-e-type=\"section\">\n\t\t\t\t\t\t<div class=\"elementor-container elementor-column-gap-default\">\n\t\t\t\t\t<div class=\"elementor-column elementor-col-100 elementor-top-column elementor-element elementor-element-7f3755c\" data-id=\"7f3755c\" data-element_type=\"column\" data-e-type=\"column\">\n\t\t\t<div class=\"elementor-widget-wrap\">\n\t\t\t\t\t\t\t<\/div>\n\t\t<\/div>\n\t\t\t\t\t<\/div>\n\t\t<\/section>\n\t\t\t\t<\/div>\n\t\t","protected":false},"excerpt":{"rendered":"<p>Allgemeine gesch\u00e4ftsbedingungen Die folgenden Bedingungen gelten f\u00fcr alle m\u00f6blierten Ferienunterk\u00fcnfte in Le Mouron Rouge, 83680, La Garde-Freinet, Frankreich.\u00a0 Wenn Sie eines unserer Objekte buchen, gehen wir davon aus, dass Sie unsere Bedingungen gelesen haben und damit einverstanden sind. Aufenthalt &#8211; Die Ankunft ist ab 16.00 Uhr m\u00f6glich. Abreise nicht sp\u00e4ter als 10.00 Uhr. &#8211; Einchecken [&hellip;]<\/p>\n","protected":false},"author":1,"featured_media":0,"parent":0,"menu_order":0,"comment_status":"closed","ping_status":"closed","template":"","meta":{"site-sidebar-layout":"no-sidebar","site-content-layout":"page-builder","ast-site-content-layout":"default","site-content-style":"default","site-sidebar-style":"default","ast-global-header-display":"","ast-banner-title-visibility":"","ast-main-header-display":"","ast-hfb-above-header-display":"","ast-hfb-below-header-display":"","ast-hfb-mobile-header-display":"","site-post-title":"disabled","ast-breadcrumbs-content":"","ast-featured-img":"disabled","footer-sml-layout":"","ast-disable-related-posts":"","theme-transparent-header-meta":"default","adv-header-id-meta":"","stick-header-meta":"default","header-above-stick-meta":"","header-main-stick-meta":"","header-below-stick-meta":"","astra-migrate-meta-layouts":"default","ast-page-background-enabled":"default","ast-page-background-meta":{"desktop":{"background-color":"","background-image":"","background-repeat":"repeat","background-position":"center center","background-size":"auto","background-attachment":"scroll","background-type":"","background-media":"","overlay-type":"","overlay-color":"","overlay-opacity":"","overlay-gradient":""},"tablet":{"background-color":"","background-image":"","background-repeat":"repeat","background-position":"center center","background-size":"auto","background-attachment":"scroll","background-type":"","background-media":"","overlay-type":"","overlay-color":"","overlay-opacity":"","overlay-gradient":""},"mobile":{"background-color":"","background-image":"","background-repeat":"repeat","background-position":"center center","background-size":"auto","background-attachment":"scroll","background-type":"","background-media":"","overlay-type":"","overlay-color":"","overlay-opacity":"","overlay-gradient":""}},"ast-content-background-meta":{"desktop":{"background-color":"var(--ast-global-color-5)","background-image":"","background-repeat":"repeat","background-position":"center center","background-size":"auto","background-attachment":"scroll","background-type":"","background-media":"","overlay-type":"","overlay-color":"","overlay-opacity":"","overlay-gradient":""},"tablet":{"background-color":"var(--ast-global-color-5)","background-image":"","background-repeat":"repeat","background-position":"center center","background-size":"auto","background-attachment":"scroll","background-type":"","background-media":"","overlay-type":"","overlay-color":"","overlay-opacity":"","overlay-gradient":""},"mobile":{"background-color":"var(--ast-global-color-5)","background-image":"","background-repeat":"repeat","background-position":"center center","background-size":"auto","background-attachment":"scroll","background-type":"","background-media":"","overlay-type":"","overlay-color":"","overlay-opacity":"","overlay-gradient":""}},"footnotes":""},"class_list":["post-1134","page","type-page","status-publish","hentry"],"_links":{"self":[{"href":"https:\/\/lemouronrouge.com\/de\/wp-json\/wp\/v2\/pages\/1134","targetHints":{"allow":["GET"]}}],"collection":[{"href":"https:\/\/lemouronrouge.com\/de\/wp-json\/wp\/v2\/pages"}],"about":[{"href":"https:\/\/lemouronrouge.com\/de\/wp-json\/wp\/v2\/types\/page"}],"author":[{"embeddable":true,"href":"https:\/\/lemouronrouge.com\/de\/wp-json\/wp\/v2\/users\/1"}],"replies":[{"embeddable":true,"href":"https:\/\/lemouronrouge.com\/de\/wp-json\/wp\/v2\/comments?post=1134"}],"version-history":[{"count":30,"href":"https:\/\/lemouronrouge.com\/de\/wp-json\/wp\/v2\/pages\/1134\/revisions"}],"predecessor-version":[{"id":5659,"href":"https:\/\/lemouronrouge.com\/de\/wp-json\/wp\/v2\/pages\/1134\/revisions\/5659"}],"wp:attachment":[{"href":"https:\/\/lemouronrouge.com\/de\/wp-json\/wp\/v2\/media?parent=1134"}],"curies":[{"name":"wp","href":"https:\/\/api.w.org\/{rel}","templated":true}]}}