{"id":4270,"date":"2022-07-15T11:23:24","date_gmt":"2022-07-15T11:23:24","guid":{"rendered":"https:\/\/lemouronrouge.com\/?page_id=4270"},"modified":"2025-03-31T13:32:44","modified_gmt":"2025-03-31T13:32:44","slug":"preise","status":"publish","type":"page","link":"https:\/\/lemouronrouge.com\/de\/preise\/","title":{"rendered":"Preise"},"content":{"rendered":"\t\t<div data-elementor-type=\"wp-page\" data-elementor-id=\"4270\" class=\"elementor elementor-4270\" data-elementor-post-type=\"page\">\n\t\t\t\t\t\t<section class=\"elementor-section elementor-top-section elementor-element elementor-element-662e530 elementor-section-full_width elementor-section-height-default elementor-section-height-default\" data-id=\"662e530\" data-element_type=\"section\" data-e-type=\"section\" data-settings=\"{&quot;background_background&quot;:&quot;classic&quot;}\">\n\t\t\t\t\t\t<div class=\"elementor-container elementor-column-gap-default\">\n\t\t\t\t\t<div class=\"elementor-column elementor-col-100 elementor-top-column elementor-element elementor-element-9f5c00c\" data-id=\"9f5c00c\" data-element_type=\"column\" data-e-type=\"column\">\n\t\t\t<div class=\"elementor-widget-wrap elementor-element-populated\">\n\t\t\t\t\t\t<div class=\"elementor-element elementor-element-f566de7 elementor-widget elementor-widget-spacer\" data-id=\"f566de7\" data-element_type=\"widget\" data-e-type=\"widget\" data-widget_type=\"spacer.default\">\n\t\t\t\t<div class=\"elementor-widget-container\">\n\t\t\t\t\t\t\t<div class=\"elementor-spacer\">\n\t\t\t<div class=\"elementor-spacer-inner\"><\/div>\n\t\t<\/div>\n\t\t\t\t\t\t<\/div>\n\t\t\t\t<\/div>\n\t\t\t\t\t<\/div>\n\t\t<\/div>\n\t\t\t\t\t<\/div>\n\t\t<\/section>\n\t\t\t\t<section class=\"elementor-section elementor-top-section elementor-element elementor-element-8b4d65c elementor-section-boxed elementor-section-height-default elementor-section-height-default\" data-id=\"8b4d65c\" data-element_type=\"section\" data-e-type=\"section\">\n\t\t\t\t\t\t<div class=\"elementor-container elementor-column-gap-default\">\n\t\t\t\t\t<div class=\"elementor-column elementor-col-100 elementor-top-column elementor-element elementor-element-7b63ded\" data-id=\"7b63ded\" data-element_type=\"column\" data-e-type=\"column\">\n\t\t\t<div class=\"elementor-widget-wrap elementor-element-populated\">\n\t\t\t\t\t\t<div class=\"elementor-element elementor-element-8476335 elementor-invisible elementor-widget elementor-widget-heading\" data-id=\"8476335\" data-element_type=\"widget\" data-e-type=\"widget\" data-settings=\"{&quot;_animation&quot;:&quot;fadeInLeft&quot;,&quot;_animation_delay&quot;:500}\" data-widget_type=\"heading.default\">\n\t\t\t\t<div class=\"elementor-widget-container\">\n\t\t\t\t\t<h1 class=\"elementor-heading-title elementor-size-default\">Preise 2025<\/h1>\t\t\t\t<\/div>\n\t\t\t\t<\/div>\n\t\t\t\t\t<\/div>\n\t\t<\/div>\n\t\t\t\t\t<\/div>\n\t\t<\/section>\n\t\t\t\t<section class=\"elementor-section elementor-top-section elementor-element elementor-element-446eb79 elementor-section-boxed elementor-section-height-default elementor-section-height-default\" data-id=\"446eb79\" data-element_type=\"section\" data-e-type=\"section\">\n\t\t\t\t\t\t<div class=\"elementor-container elementor-column-gap-default\">\n\t\t\t\t\t<div class=\"elementor-column elementor-col-100 elementor-top-column elementor-element elementor-element-44adc01\" data-id=\"44adc01\" data-element_type=\"column\" data-e-type=\"column\">\n\t\t\t<div class=\"elementor-widget-wrap elementor-element-populated\">\n\t\t\t\t\t\t<div class=\"elementor-element elementor-element-1b781c0 elementor-hidden-desktop elementor-hidden-tablet elementor-widget elementor-widget-text-editor\" data-id=\"1b781c0\" data-element_type=\"widget\" data-e-type=\"widget\" data-widget_type=\"text-editor.default\">\n\t\t\t\t<div class=\"elementor-widget-container\">\n\t\t\t\t\t\t\t\t\t<p>Bewegen Sie Ihren Finger \u00fcber die Tabelle, um von links nach rechts zu scrollen.<\/p>\t\t\t\t\t\t\t\t<\/div>\n\t\t\t\t<\/div>\n\t\t\t\t<div class=\"elementor-element elementor-element-5aca6cf elementor-widget elementor-widget-shortcode\" data-id=\"5aca6cf\" data-element_type=\"widget\" data-e-type=\"widget\" data-widget_type=\"shortcode.default\">\n\t\t\t\t<div class=\"elementor-widget-container\">\n\t\t\t\t\t\t\t<div class=\"elementor-shortcode\">\n<table id=\"tablepress-19\" class=\"tablepress tablepress-id-19\">\n<thead>\n<tr class=\"row-1\">\n\t<th class=\"column-1\">Daten<br \/>\n2025\/2026<\/th><th class=\"column-2\">Studio 4<\/th><td class=\"column-3\"><\/td><th class=\"column-4\">Studio 1 &amp; 2<\/th><td class=\"column-5\"><\/td><th class=\"column-6\">App. 3 &amp; 5<\/th><td class=\"column-7\"><\/td>\n<\/tr>\n<\/thead>\n<tbody class=\"row-striping row-hover\">\n<tr class=\"row-2\">\n\t<td class=\"column-1\"><\/td><td class=\"column-2\">Tag<\/td><td class=\"column-3\">Woche<\/td><td class=\"column-4\">Tag<\/td><td class=\"column-5\">Woche<\/td><td class=\"column-6\">Tag<\/td><td class=\"column-7\">Woche<\/td>\n<\/tr>\n<tr class=\"row-3\">\n\t<td class=\"column-1\"><\/td><td class=\"column-2\"><\/td><td class=\"column-3\"><\/td><td class=\"column-4\"><\/td><td class=\"column-5\"><\/td><td class=\"column-6\"><\/td><td class=\"column-7\"><\/td>\n<\/tr>\n<tr class=\"row-4\">\n\t<td class=\"column-1\">November - M\u00e4rz<\/td><td class=\"column-2\">\u20ac99<\/td><td class=\"column-3\">\u20ac693<\/td><td class=\"column-4\">\u20ac109<\/td><td class=\"column-5\">\u20ac763<\/td><td class=\"column-6\">\u20ac119<\/td><td class=\"column-7\">\u20ac833<\/td>\n<\/tr>\n<tr class=\"row-5\">\n\t<td class=\"column-1\"><\/td><td class=\"column-2\"><\/td><td class=\"column-3\"><\/td><td class=\"column-4\"><\/td><td class=\"column-5\"><\/td><td class=\"column-6\"><\/td><td class=\"column-7\"><\/td>\n<\/tr>\n<tr class=\"row-6\">\n\t<td class=\"column-1\">1 April - 17 April<\/td><td class=\"column-2\">\u20ac107<\/td><td class=\"column-3\">\u20ac749<\/td><td class=\"column-4\">\u20ac127<\/td><td class=\"column-5\">\u20ac889<\/td><td class=\"column-6\">\u20ac137<\/td><td class=\"column-7\">\u20ac959<\/td>\n<\/tr>\n<tr class=\"row-7\">\n\t<td class=\"column-1\">18 April - 2 Mai*<\/td><td class=\"column-2\">-<\/td><td class=\"column-3\">\u20ac805<\/td><td class=\"column-4\">-<\/td><td class=\"column-5\">\u20ac1025<\/td><td class=\"column-6\">-<\/td><td class=\"column-7\">\u20ac1250<\/td>\n<\/tr>\n<tr class=\"row-8\">\n\t<td class=\"column-1\"><\/td><td class=\"column-2\"><\/td><td class=\"column-3\"><\/td><td class=\"column-4\"><\/td><td class=\"column-5\"><\/td><td class=\"column-6\"><\/td><td class=\"column-7\"><\/td>\n<\/tr>\n<tr class=\"row-9\">\n\t<td class=\"column-1\">3 Mai - 29 Mai<\/td><td class=\"column-2\">\u20ac115<\/td><td class=\"column-3\">\u20ac805<\/td><td class=\"column-4\">\u20ac137<\/td><td class=\"column-5\">\u20ac959<\/td><td class=\"column-6\">\u20ac147<\/td><td class=\"column-7\">\u20ac1029<\/td>\n<\/tr>\n<tr class=\"row-10\">\n\t<td class=\"column-1\">30 Mai - 10 Juli*<\/td><td class=\"column-2\">-<\/td><td class=\"column-3\">\u20ac895<\/td><td class=\"column-4\">-<\/td><td class=\"column-5\">\u20ac1250<\/td><td class=\"column-6\">-<\/td><td class=\"column-7\">\u20ac1425<\/td>\n<\/tr>\n<tr class=\"row-11\">\n\t<td class=\"column-1\"><\/td><td class=\"column-2\"><\/td><td class=\"column-3\"><\/td><td class=\"column-4\"><\/td><td class=\"column-5\"><\/td><td class=\"column-6\"><\/td><td class=\"column-7\"><\/td>\n<\/tr>\n<tr class=\"row-12\">\n\t<td class=\"column-1\">11 Juli - 28 August*<\/td><td class=\"column-2\">-<\/td><td class=\"column-3\">\u20ac1500<\/td><td class=\"column-4\">-<\/td><td class=\"column-5\">\u20ac1895<\/td><td class=\"column-6\">-<\/td><td class=\"column-7\">\u20ac2250<\/td>\n<\/tr>\n<tr class=\"row-13\">\n\t<td class=\"column-1\">29 August - 18 Sept.*<\/td><td class=\"column-2\">-<\/td><td class=\"column-3\">\u20ac895<\/td><td class=\"column-4\">-<\/td><td class=\"column-5\">\u20ac1250<\/td><td class=\"column-6\">-<\/td><td class=\"column-7\">\u20ac1425<\/td>\n<\/tr>\n<tr class=\"row-14\">\n\t<td class=\"column-1\"><\/td><td class=\"column-2\"><\/td><td class=\"column-3\"><\/td><td class=\"column-4\"><\/td><td class=\"column-5\"><\/td><td class=\"column-6\"><\/td><td class=\"column-7\"><\/td>\n<\/tr>\n<tr class=\"row-15\">\n\t<td class=\"column-1\">19 Sept. - Oktober <\/td><td class=\"column-2\">\u20ac115<\/td><td class=\"column-3\">\u20ac805<\/td><td class=\"column-4\">\u20ac137<\/td><td class=\"column-5\">\u20ac959<\/td><td class=\"column-6\">\u20ac147<\/td><td class=\"column-7\">\u20ac1029<\/td>\n<\/tr>\n<tr class=\"row-16\">\n\t<td class=\"column-1\"><\/td><td class=\"column-2\"><\/td><td class=\"column-3\"><\/td><td class=\"column-4\"><\/td><td class=\"column-5\"><\/td><td class=\"column-6\"><\/td><td class=\"column-7\"><\/td>\n<\/tr>\n<\/tbody>\n<\/table>\n<!-- #tablepress-19 from cache --><\/div>\n\t\t\t\t\t\t<\/div>\n\t\t\t\t<\/div>\n\t\t\t\t\t<\/div>\n\t\t<\/div>\n\t\t\t\t\t<\/div>\n\t\t<\/section>\n\t\t\t\t<section class=\"elementor-section elementor-top-section elementor-element elementor-element-cb986cc elementor-section-boxed elementor-section-height-default elementor-section-height-default\" data-id=\"cb986cc\" data-element_type=\"section\" data-e-type=\"section\">\n\t\t\t\t\t\t<div class=\"elementor-container elementor-column-gap-default\">\n\t\t\t\t\t<div class=\"elementor-column elementor-col-100 elementor-top-column elementor-element elementor-element-4854085\" data-id=\"4854085\" data-element_type=\"column\" data-e-type=\"column\">\n\t\t\t<div class=\"elementor-widget-wrap elementor-element-populated\">\n\t\t\t\t\t\t<div class=\"elementor-element elementor-element-cbf6ee0 elementor-invisible elementor-widget elementor-widget-text-editor\" data-id=\"cbf6ee0\" data-element_type=\"widget\" data-e-type=\"widget\" data-settings=\"{&quot;_animation&quot;:&quot;fadeInLeft&quot;,&quot;_animation_delay&quot;:600}\" data-widget_type=\"text-editor.default\">\n\t\t\t\t<div class=\"elementor-widget-container\">\n\t\t\t\t\t\t\t\t\t<ul>\n<li><span style=\"color: #000000;\">Preise basieren auf 1-4 Personen exklusive Kurtaxe. (\u20ac 2,00 p.p.p.n.)<\/span><\/li>\n<li><span style=\"color: #000000;\">Die Preise beinhalten: die Nutzung der Klimaanlage, Bettw\u00e4sche, Tischdecken, Handt\u00fccher, Geschirrt\u00fccher und die Endreinigung.<\/span><\/li>\n<li><span style=\"font-size: 15.4px; color: #000000;\">Zus\u00e4tzliche Person: 15,00 \u20ac pro Nacht.<\/span><\/li>\n<li><span style=\"color: rgb(0, 0, 0); font-size: 15.4px;\"><b>*<\/b><\/span><font color=\"#000000\"><b>An- und Abreise nur am Samstag m\u00f6glich.<\/b><\/font><\/li>\n<li><span style=\"color: #000000;\">20.09 bis 30.09 Mindestaufenthalt 4 N\u00e4chte.&nbsp;<\/span><\/li>\n<li><span style=\"color: #000000;\">Kinderbett und Hochstuhl: 25,00 \u20ac pro Aufenthalt. Bitte bei Buchung angeben.<\/span><\/li>\n<li><span style=\"color: #000000;\">Haustiere sind in begrenztem Umfang erlaubt und m\u00fcssen bei der Buchung angegeben werden. Der Vermieter kann den Zutritt verweigern, wenn der Mieter mit einem Haustier anreist, ohne es angemeldet zu haben.<\/span><\/li>\n<li><span style=\"color: #000000;\">Benutzung der Waschmaschine: 5 Euro pro Waschgang.<\/span><\/li>\n<\/ul>\t\t\t\t\t\t\t\t<\/div>\n\t\t\t\t<\/div>\n\t\t\t\t<div class=\"elementor-element elementor-element-30fcfcf elementor-widget elementor-widget-gallery\" data-id=\"30fcfcf\" data-element_type=\"widget\" data-e-type=\"widget\" data-settings=\"{&quot;columns&quot;:5,&quot;lazyload&quot;:&quot;yes&quot;,&quot;gallery_layout&quot;:&quot;grid&quot;,&quot;columns_tablet&quot;:2,&quot;columns_mobile&quot;:1,&quot;gap&quot;:{&quot;unit&quot;:&quot;px&quot;,&quot;size&quot;:10,&quot;sizes&quot;:[]},&quot;gap_tablet&quot;:{&quot;unit&quot;:&quot;px&quot;,&quot;size&quot;:10,&quot;sizes&quot;:[]},&quot;gap_mobile&quot;:{&quot;unit&quot;:&quot;px&quot;,&quot;size&quot;:10,&quot;sizes&quot;:[]},&quot;link_to&quot;:&quot;file&quot;,&quot;aspect_ratio&quot;:&quot;3:2&quot;,&quot;overlay_background&quot;:&quot;yes&quot;,&quot;content_hover_animation&quot;:&quot;fade-in&quot;}\" data-widget_type=\"gallery.default\">\n\t\t\t\t<div class=\"elementor-widget-container\">\n\t\t\t\t\t\t\t<div class=\"elementor-gallery__container\">\n\t\t\t\t\t\t\t<a class=\"e-gallery-item elementor-gallery-item elementor-animated-content\" href=\"https:\/\/lemouronrouge.com\/wp-content\/uploads\/2022\/05\/IMG_7170.jpg\" data-elementor-open-lightbox=\"yes\" data-elementor-lightbox-slideshow=\"30fcfcf\" data-elementor-lightbox-title=\"IMG 7170\" data-e-action-hash=\"#elementor-action%3Aaction%3Dlightbox%26settings%3DeyJpZCI6NDAyOCwidXJsIjoiaHR0cHM6XC9cL2xlbW91cm9ucm91Z2UuY29tXC93cC1jb250ZW50XC91cGxvYWRzXC8yMDIyXC8wNVwvSU1HXzcxNzAuanBnIiwic2xpZGVzaG93IjoiMzBmY2ZjZiJ9\">\n\t\t\t\t\t<div class=\"e-gallery-image elementor-gallery-item__image\" data-thumbnail=\"https:\/\/lemouronrouge.com\/wp-content\/uploads\/2022\/05\/IMG_7170-225x300.jpg\" data-width=\"225\" data-height=\"300\" aria-label=\"\" role=\"img\" ><\/div>\n\t\t\t\t\t\t\t\t\t\t\t<div class=\"elementor-gallery-item__overlay\"><\/div>\n\t\t\t\t\t\t\t\t\t\t\t\t\t\t<\/a>\n\t\t\t\t\t\t\t<a class=\"e-gallery-item elementor-gallery-item elementor-animated-content\" href=\"https:\/\/lemouronrouge.com\/wp-content\/uploads\/2020\/11\/IMG_1208uitzicht-scaled.jpg\" data-elementor-open-lightbox=\"yes\" data-elementor-lightbox-slideshow=\"30fcfcf\" data-elementor-lightbox-title=\"IMG 1208\" data-e-action-hash=\"#elementor-action%3Aaction%3Dlightbox%26settings%3DeyJpZCI6MjYxNiwidXJsIjoiaHR0cHM6XC9cL2xlbW91cm9ucm91Z2UuY29tXC93cC1jb250ZW50XC91cGxvYWRzXC8yMDIwXC8xMVwvSU1HXzEyMDh1aXR6aWNodC1zY2FsZWQuanBnIiwic2xpZGVzaG93IjoiMzBmY2ZjZiJ9\">\n\t\t\t\t\t<div class=\"e-gallery-image elementor-gallery-item__image\" data-thumbnail=\"https:\/\/lemouronrouge.com\/wp-content\/uploads\/2020\/11\/IMG_1208uitzicht-300x225.jpg\" data-width=\"300\" data-height=\"225\" aria-label=\"\" role=\"img\" ><\/div>\n\t\t\t\t\t\t\t\t\t\t\t<div class=\"elementor-gallery-item__overlay\"><\/div>\n\t\t\t\t\t\t\t\t\t\t\t\t\t\t<\/a>\n\t\t\t\t\t\t\t<a class=\"e-gallery-item elementor-gallery-item elementor-animated-content\" href=\"https:\/\/lemouronrouge.com\/wp-content\/uploads\/2023\/09\/eb47d249-c67e-4212-8f8e-0fc497b74908.jpg\" data-elementor-open-lightbox=\"yes\" data-elementor-lightbox-slideshow=\"30fcfcf\" data-elementor-lightbox-title=\"Eb47d249 C67e 4212 8f8e 0fc497b74908\" data-e-action-hash=\"#elementor-action%3Aaction%3Dlightbox%26settings%3DeyJpZCI6NjI1NiwidXJsIjoiaHR0cHM6XC9cL2xlbW91cm9ucm91Z2UuY29tXC93cC1jb250ZW50XC91cGxvYWRzXC8yMDIzXC8wOVwvZWI0N2QyNDktYzY3ZS00MjEyLThmOGUtMGZjNDk3Yjc0OTA4LmpwZyIsInNsaWRlc2hvdyI6IjMwZmNmY2YifQ%3D%3D\">\n\t\t\t\t\t<div class=\"e-gallery-image elementor-gallery-item__image\" data-thumbnail=\"https:\/\/lemouronrouge.com\/wp-content\/uploads\/2023\/09\/eb47d249-c67e-4212-8f8e-0fc497b74908-225x300.jpg\" data-width=\"225\" data-height=\"300\" aria-label=\"\" role=\"img\" ><\/div>\n\t\t\t\t\t\t\t\t\t\t\t<div class=\"elementor-gallery-item__overlay\"><\/div>\n\t\t\t\t\t\t\t\t\t\t\t\t\t\t<\/a>\n\t\t\t\t\t\t\t<a class=\"e-gallery-item elementor-gallery-item elementor-animated-content\" href=\"https:\/\/lemouronrouge.com\/wp-content\/uploads\/2023\/09\/IMG_5881-scaled.jpg\" data-elementor-open-lightbox=\"yes\" data-elementor-lightbox-slideshow=\"30fcfcf\" data-elementor-lightbox-title=\"IMG 5881\" data-e-action-hash=\"#elementor-action%3Aaction%3Dlightbox%26settings%3DeyJpZCI6NjExOCwidXJsIjoiaHR0cHM6XC9cL2xlbW91cm9ucm91Z2UuY29tXC93cC1jb250ZW50XC91cGxvYWRzXC8yMDIzXC8wOVwvSU1HXzU4ODEtc2NhbGVkLmpwZyIsInNsaWRlc2hvdyI6IjMwZmNmY2YifQ%3D%3D\">\n\t\t\t\t\t<div class=\"e-gallery-image elementor-gallery-item__image\" data-thumbnail=\"https:\/\/lemouronrouge.com\/wp-content\/uploads\/2023\/09\/IMG_5881-225x300.jpg\" data-width=\"225\" data-height=\"300\" aria-label=\"\" role=\"img\" ><\/div>\n\t\t\t\t\t\t\t\t\t\t\t<div class=\"elementor-gallery-item__overlay\"><\/div>\n\t\t\t\t\t\t\t\t\t\t\t\t\t\t<\/a>\n\t\t\t\t\t\t\t<a class=\"e-gallery-item elementor-gallery-item elementor-animated-content\" href=\"https:\/\/lemouronrouge.com\/wp-content\/uploads\/2023\/09\/c7219c95-2f8b-4229-9926-00dda5391ebd.jpg\" data-elementor-open-lightbox=\"yes\" data-elementor-lightbox-slideshow=\"30fcfcf\" data-elementor-lightbox-title=\"C7219c95 2f8b 4229 9926 00dda5391ebd\" data-e-action-hash=\"#elementor-action%3Aaction%3Dlightbox%26settings%3DeyJpZCI6NjE4NiwidXJsIjoiaHR0cHM6XC9cL2xlbW91cm9ucm91Z2UuY29tXC93cC1jb250ZW50XC91cGxvYWRzXC8yMDIzXC8wOVwvYzcyMTljOTUtMmY4Yi00MjI5LTk5MjYtMDBkZGE1MzkxZWJkLmpwZyIsInNsaWRlc2hvdyI6IjMwZmNmY2YifQ%3D%3D\">\n\t\t\t\t\t<div class=\"e-gallery-image elementor-gallery-item__image\" data-thumbnail=\"https:\/\/lemouronrouge.com\/wp-content\/uploads\/2023\/09\/c7219c95-2f8b-4229-9926-00dda5391ebd-225x300.jpg\" data-width=\"225\" data-height=\"300\" aria-label=\"\" role=\"img\" ><\/div>\n\t\t\t\t\t\t\t\t\t\t\t<div class=\"elementor-gallery-item__overlay\"><\/div>\n\t\t\t\t\t\t\t\t\t\t\t\t\t\t<\/a>\n\t\t\t\t\t<\/div>\n\t\t\t\t\t<\/div>\n\t\t\t\t<\/div>\n\t\t\t\t\t<\/div>\n\t\t<\/div>\n\t\t\t\t\t<\/div>\n\t\t<\/section>\n\t\t\t\t<\/div>\n\t\t","protected":false},"excerpt":{"rendered":"<p>Preise 2025 Bewegen Sie Ihren Finger \u00fcber die Tabelle, um von links nach rechts zu scrollen. Preise basieren auf 1-4 Personen exklusive Kurtaxe. (\u20ac 2,00 p.p.p.n.) Die Preise beinhalten: die Nutzung der Klimaanlage, Bettw\u00e4sche, Tischdecken, Handt\u00fccher, Geschirrt\u00fccher und die Endreinigung. Zus\u00e4tzliche Person: 15,00 \u20ac pro Nacht. *An- und Abreise nur am Samstag m\u00f6glich. 20.09 bis [&hellip;]<\/p>\n","protected":false},"author":1,"featured_media":0,"parent":0,"menu_order":0,"comment_status":"closed","ping_status":"closed","template":"","meta":{"site-sidebar-layout":"no-sidebar","site-content-layout":"page-builder","ast-site-content-layout":"default","site-content-style":"default","site-sidebar-style":"default","ast-global-header-display":"","ast-banner-title-visibility":"","ast-main-header-display":"","ast-hfb-above-header-display":"","ast-hfb-below-header-display":"","ast-hfb-mobile-header-display":"","site-post-title":"disabled","ast-breadcrumbs-content":"","ast-featured-img":"disabled","footer-sml-layout":"","ast-disable-related-posts":"","theme-transparent-header-meta":"default","adv-header-id-meta":"","stick-header-meta":"default","header-above-stick-meta":"","header-main-stick-meta":"","header-below-stick-meta":"","astra-migrate-meta-layouts":"default","ast-page-background-enabled":"default","ast-page-background-meta":{"desktop":{"background-color":"","background-image":"","background-repeat":"repeat","background-position":"center center","background-size":"auto","background-attachment":"scroll","background-type":"","background-media":"","overlay-type":"","overlay-color":"","overlay-opacity":"","overlay-gradient":""},"tablet":{"background-color":"","background-image":"","background-repeat":"repeat","background-position":"center center","background-size":"auto","background-attachment":"scroll","background-type":"","background-media":"","overlay-type":"","overlay-color":"","overlay-opacity":"","overlay-gradient":""},"mobile":{"background-color":"","background-image":"","background-repeat":"repeat","background-position":"center center","background-size":"auto","background-attachment":"scroll","background-type":"","background-media":"","overlay-type":"","overlay-color":"","overlay-opacity":"","overlay-gradient":""}},"ast-content-background-meta":{"desktop":{"background-color":"var(--ast-global-color-5)","background-image":"","background-repeat":"repeat","background-position":"center center","background-size":"auto","background-attachment":"scroll","background-type":"","background-media":"","overlay-type":"","overlay-color":"","overlay-opacity":"","overlay-gradient":""},"tablet":{"background-color":"var(--ast-global-color-5)","background-image":"","background-repeat":"repeat","background-position":"center center","background-size":"auto","background-attachment":"scroll","background-type":"","background-media":"","overlay-type":"","overlay-color":"","overlay-opacity":"","overlay-gradient":""},"mobile":{"background-color":"var(--ast-global-color-5)","background-image":"","background-repeat":"repeat","background-position":"center center","background-size":"auto","background-attachment":"scroll","background-type":"","background-media":"","overlay-type":"","overlay-color":"","overlay-opacity":"","overlay-gradient":""}},"footnotes":""},"class_list":["post-4270","page","type-page","status-publish","hentry"],"_links":{"self":[{"href":"https:\/\/lemouronrouge.com\/de\/wp-json\/wp\/v2\/pages\/4270","targetHints":{"allow":["GET"]}}],"collection":[{"href":"https:\/\/lemouronrouge.com\/de\/wp-json\/wp\/v2\/pages"}],"about":[{"href":"https:\/\/lemouronrouge.com\/de\/wp-json\/wp\/v2\/types\/page"}],"author":[{"embeddable":true,"href":"https:\/\/lemouronrouge.com\/de\/wp-json\/wp\/v2\/users\/1"}],"replies":[{"embeddable":true,"href":"https:\/\/lemouronrouge.com\/de\/wp-json\/wp\/v2\/comments?post=4270"}],"version-history":[{"count":139,"href":"https:\/\/lemouronrouge.com\/de\/wp-json\/wp\/v2\/pages\/4270\/revisions"}],"predecessor-version":[{"id":6886,"href":"https:\/\/lemouronrouge.com\/de\/wp-json\/wp\/v2\/pages\/4270\/revisions\/6886"}],"wp:attachment":[{"href":"https:\/\/lemouronrouge.com\/de\/wp-json\/wp\/v2\/media?parent=4270"}],"curies":[{"name":"wp","href":"https:\/\/api.w.org\/{rel}","templated":true}]}}