{"id":1130,"date":"2019-12-13T08:09:25","date_gmt":"2019-12-13T08:09:25","guid":{"rendered":"http:\/\/lemouronrouge.com\/conditions\/"},"modified":"2023-09-11T13:56:29","modified_gmt":"2023-09-11T13:56:29","slug":"conditions","status":"publish","type":"page","link":"https:\/\/lemouronrouge.com\/fr\/conditions\/","title":{"rendered":"Conditions"},"content":{"rendered":"\t\t<div data-elementor-type=\"wp-page\" data-elementor-id=\"1130\" class=\"elementor elementor-1130\" data-elementor-post-type=\"page\">\n\t\t\t\t\t\t<section class=\"elementor-section elementor-top-section elementor-element elementor-element-2ddaef1 elementor-section-full_width elementor-section-height-default elementor-section-height-default\" data-id=\"2ddaef1\" data-element_type=\"section\" data-e-type=\"section\">\n\t\t\t\t\t\t<div class=\"elementor-container elementor-column-gap-default\">\n\t\t\t\t\t<div class=\"elementor-column elementor-col-100 elementor-top-column elementor-element elementor-element-280b8a2\" data-id=\"280b8a2\" data-element_type=\"column\" data-e-type=\"column\">\n\t\t\t<div class=\"elementor-widget-wrap elementor-element-populated\">\n\t\t\t\t\t\t<div class=\"elementor-element elementor-element-7cc1aef elementor--h-position-center elementor--v-position-middle elementor-widget elementor-widget-slides\" data-id=\"7cc1aef\" data-element_type=\"widget\" data-e-type=\"widget\" data-settings=\"{&quot;navigation&quot;:&quot;none&quot;,&quot;autoplay&quot;:&quot;yes&quot;,&quot;autoplay_speed&quot;:5000,&quot;infinite&quot;:&quot;yes&quot;,&quot;transition&quot;:&quot;slide&quot;,&quot;transition_speed&quot;:500}\" data-widget_type=\"slides.default\">\n\t\t\t\t<div class=\"elementor-widget-container\">\n\t\t\t\t\t\t\t\t\t<div class=\"elementor-swiper\">\n\t\t\t\t\t<div class=\"elementor-slides-wrapper elementor-main-swiper swiper\" role=\"region\" aria-roledescription=\"carousel\" aria-label=\"Diapositives\" dir=\"ltr\" data-animation=\"fadeInUp\">\n\t\t\t\t<div class=\"swiper-wrapper elementor-slides\">\n\t\t\t\t\t\t\t\t\t\t<div class=\"elementor-repeater-item-269e9ca swiper-slide\" role=\"group\" aria-roledescription=\"slide\"><div class=\"swiper-slide-bg\" role=\"img\" aria-label=\"IMG 6910\"><\/div><div class=\"swiper-slide-inner\" ><div class=\"swiper-slide-contents\"><\/div><\/div><\/div><div class=\"elementor-repeater-item-a52eef7 swiper-slide\" role=\"group\" aria-roledescription=\"slide\"><div class=\"swiper-slide-bg\" role=\"img\" aria-label=\"Lavendel\"><\/div><div class=\"swiper-slide-inner\" ><div class=\"swiper-slide-contents\"><\/div><\/div><\/div><div class=\"elementor-repeater-item-605d02b swiper-slide\" role=\"group\" aria-roledescription=\"slide\"><div class=\"swiper-slide-bg\" role=\"img\" aria-label=\"IMG 7146\"><\/div><div class=\"swiper-slide-inner\" ><div class=\"swiper-slide-contents\"><\/div><\/div><\/div><div class=\"elementor-repeater-item-b4d187e swiper-slide\" role=\"group\" aria-roledescription=\"slide\"><div class=\"swiper-slide-bg\" role=\"img\" aria-label=\"IMG 6909\"><\/div><div class=\"swiper-slide-inner\" ><div class=\"swiper-slide-contents\"><\/div><\/div><\/div><div class=\"elementor-repeater-item-e793bda swiper-slide\" role=\"group\" aria-roledescription=\"slide\"><div class=\"swiper-slide-bg\" role=\"img\" aria-label=\"IMG 20190606 WA0029\"><\/div><div class=\"swiper-slide-inner\" ><div class=\"swiper-slide-contents\"><\/div><\/div><\/div><div class=\"elementor-repeater-item-7b5e4d2 swiper-slide\" role=\"group\" aria-roledescription=\"slide\"><div class=\"swiper-slide-bg\" role=\"img\" aria-label=\"Tuin\"><\/div><div class=\"swiper-slide-inner\" ><div class=\"swiper-slide-contents\"><\/div><\/div><\/div>\t\t\t\t<\/div>\n\t\t\t\t\t\t\t\t\t\t\t\t\t\t\t\t\t\t\t\t\t<\/div>\n\t\t\t\t<\/div>\n\t\t\t\t\t\t\t\t<\/div>\n\t\t\t\t<\/div>\n\t\t\t\t\t<\/div>\n\t\t<\/div>\n\t\t\t\t\t<\/div>\n\t\t<\/section>\n\t\t\t\t<section class=\"elementor-section elementor-top-section elementor-element elementor-element-2f6ac1c1 elementor-section-boxed elementor-section-height-default elementor-section-height-default\" data-id=\"2f6ac1c1\" data-element_type=\"section\" data-e-type=\"section\">\n\t\t\t\t\t\t<div class=\"elementor-container elementor-column-gap-default\">\n\t\t\t\t\t<div class=\"elementor-column elementor-col-100 elementor-top-column elementor-element elementor-element-43490c63\" data-id=\"43490c63\" data-element_type=\"column\" data-e-type=\"column\">\n\t\t\t<div class=\"elementor-widget-wrap elementor-element-populated\">\n\t\t\t\t\t\t<div class=\"elementor-element elementor-element-4099e0da elementor-invisible elementor-widget elementor-widget-heading\" data-id=\"4099e0da\" data-element_type=\"widget\" data-e-type=\"widget\" data-settings=\"{&quot;_animation&quot;:&quot;fadeInLeft&quot;,&quot;_animation_delay&quot;:500}\" data-widget_type=\"heading.default\">\n\t\t\t\t<div class=\"elementor-widget-container\">\n\t\t\t\t\t<h1 class=\"elementor-heading-title elementor-size-default\">Conditions g\u00e9n\u00e9rales<\/h1>\t\t\t\t<\/div>\n\t\t\t\t<\/div>\n\t\t\t\t\t<\/div>\n\t\t<\/div>\n\t\t\t\t\t<\/div>\n\t\t<\/section>\n\t\t\t\t<section class=\"elementor-section elementor-top-section elementor-element elementor-element-24ae3bea elementor-section-boxed elementor-section-height-default elementor-section-height-default\" data-id=\"24ae3bea\" data-element_type=\"section\" data-e-type=\"section\">\n\t\t\t\t\t\t<div class=\"elementor-container elementor-column-gap-default\">\n\t\t\t\t\t<div class=\"elementor-column elementor-col-100 elementor-top-column elementor-element elementor-element-436ac4f7\" data-id=\"436ac4f7\" data-element_type=\"column\" data-e-type=\"column\">\n\t\t\t<div class=\"elementor-widget-wrap elementor-element-populated\">\n\t\t\t\t\t\t<div class=\"elementor-element elementor-element-1a4dd5d0 elementor-widget elementor-widget-text-editor\" data-id=\"1a4dd5d0\" data-element_type=\"widget\" data-e-type=\"widget\" data-widget_type=\"text-editor.default\">\n\t\t\t\t<div class=\"elementor-widget-container\">\n\t\t\t\t\t\t\t\t\t<section id=\"sp-body-voor-le-mouron-rouge\"><div class=\"container\"><div class=\"row\"><div id=\"sp-left\" class=\"col-sm-12 col-md-12\"><div class=\"sp-column ruimte\"><div class=\"sp-module \"><div class=\"sp-module-content\"><div class=\"custom\"><p><span style=\"font-size: 14px; color: var( --e-global-color-text );\">Les conditions g\u00e9n\u00e9rales suivantes s&rsquo;appliquent \u00e0 toutes les locations de vacances meubl\u00e9es au Mouron Rouge, 83680, La Garde-Freinet, France.\u00a0<\/span><\/p><p><span style=\"font-size: 14px; color: var( --e-global-color-text );\">Lorsque vous r\u00e9servez une de nos propri\u00e9t\u00e9s, nous supposons que vous avez lu et accept\u00e9 nos conditions g\u00e9n\u00e9rales.<\/span><\/p><p><span style=\"color: #ff0000;\"><strong>S\u00e9jour<\/strong><\/span><\/p><p>&#8211; L&rsquo;arriv\u00e9e est possible \u00e0 partir de 16h00. D\u00e9part au plus tard \u00e0 10h00.<\/p><p><span style=\"font-size: 14px; color: var( --e-global-color-text );\">&#8211; L&rsquo;enregistrement en dehors de ces heures est possible apr\u00e8s consultation t\u00e9l\u00e9phonique au 0033 (0) 6 10 20 73 39.\u00a0<\/span><\/p><p>&#8211; Le nettoyage final n&rsquo;est pas factur\u00e9. Nous esp\u00e9rons que vous laisserez le g\u00eete propre, comme vous l&rsquo;avez trouv\u00e9. Cependant, nous vous demandons de laisser le g\u00eete propre, de vider le r\u00e9frig\u00e9rateur, de faire la vaisselle et de sortir les ordures ou autres d\u00e9chets.<\/p><p>&#8211; Votre g\u00eete est \u00e9quip\u00e9 d&rsquo;un torchon, d&rsquo;une brosse \u00e0 vaisselle, de liquide vaisselle, de sacs poubelles, de savon pour les mains, d&rsquo;allumettes, d&rsquo;une machine Nespresso, d&rsquo;une bouilloire, d&rsquo;un grille-pain, d&rsquo;une plaque de cuisson, d&rsquo;un r\u00e9frig\u00e9rateur et d&rsquo;un four. Des nappes\/tapis, un tire-bouchon, du papier toilette, des ustensiles de cuisine, de la vaisselle et des couverts sont \u00e9galement fournis.<\/p><p>&#8211; Le linge de lit, les serviettes de toilette, les serviettes de bain et les torchons sont inclus dans le prix.<\/p><p>&#8211; Une machine \u00e0 laver est \u00e0 votre disposition : \u20ac 5.00 par lavage. Le lave-linge se trouve dans le b\u00e2timent principal et est \u00e0 usage commun.<\/p><p>&#8211; Les animaux domestiques sont autoris\u00e9s de fa\u00e7on limit\u00e9e et doivent \u00eatre mentionn\u00e9s lors de la r\u00e9servation. Le propri\u00e9taire peut refuser l&rsquo;entr\u00e9e si le locataire arrive avec un animal de compagnie sans l&rsquo;avoir signal\u00e9.<\/p><p>&#8211; Les animaux ne sont pas autoris\u00e9s en juillet\/ao\u00fbt.<\/p><p>&#8211; Il est interdit de fumer dans les g\u00eetes.<\/p><p>&#8211; Si vous recevez des personnes qui souhaitent \u00e9galement utiliser nos installations, veuillez nous consulter !<\/p><p><span style=\"color: #ff0000;\"><strong style=\"font-size: 14px;\">Conditions de paiement<\/strong><\/span><\/p><p>&#8211; Lors de la r\u00e9servation, nous aimerions recevoir un acompte de 40% du montant de l&rsquo;h\u00e9bergement dans les 7 jours.<\/p><p><span style=\"font-size: 14px; color: var( --e-global-color-text );\">&#8211; Le solde peut nous \u00eatre transf\u00e9r\u00e9 6 semaines avant l&rsquo;arriv\u00e9e.<\/span><\/p><p>&#8211; Pour les r\u00e9servations effectu\u00e9es dans les 6 semaines pr\u00e9c\u00e9dant l&rsquo;arriv\u00e9e, la totalit\u00e9 du montant doit \u00eatre pay\u00e9e au moment de la r\u00e9servation.<\/p><p>&#8211; La r\u00e9servation est d\u00e9finitive et confirm\u00e9e \u00e0 la r\u00e9ception de votre (acompte).<\/p><p>&#8211; Une r\u00e9servation n&rsquo;est d\u00e9finitive que lorsque nous avons envoy\u00e9 une confirmation officielle. Les courriels ou messages ant\u00e9rieurs ne sont pas d\u00e9finitifs et\/ou valables pour les deux parties.<\/p><p>&#8211; Si le montant total ne nous est pas parvenu dans les d\u00e9lais susmentionn\u00e9s, le bailleur a le droit d&rsquo;annuler unilat\u00e9ralement le contrat, une semaine apr\u00e8s un rappel par e-mail, ce qui annule la r\u00e9servation et toute forme de remboursement.<\/p><p>&#8211; Les frais d&rsquo;h\u00e9bergement sont dus pour toute la p\u00e9riode r\u00e9serv\u00e9e, m\u00eame si vous arrivez plus tard ou partez plus t\u00f4t.<\/p><p>&#8211; Vous \u00eates tenu de v\u00e9rifier les d\u00e9tails exacts de votre r\u00e9servation. (Date, nombre de personnes, chalet).<\/p><p>&#8211; La sous-location n&rsquo;est pas autoris\u00e9e, le nom du r\u00e9servataire doit \u00e9galement \u00eatre pr\u00e9sent pendant le s\u00e9jour.<\/p><p><span style=\"color: #ff0000;\"><strong><span style=\"font-size: 14px;\">Annulation<\/span><\/strong><\/span><\/p><p>&#8211; Les annulations doivent nous \u00eatre notifi\u00e9es par \u00e9crit. La date de r\u00e9ception de l&rsquo;annulation est d\u00e9terminante.<\/p><p>&#8211; Si le locataire annule plus de 6 semaines avant le d\u00e9but de la p\u00e9riode de location, les frais d&rsquo;annulation sont \u00e9gaux \u00e0 l&rsquo;acompte.<\/p><p>&#8211; Si le locataire annule moins de 6 semaines avant le d\u00e9but de la p\u00e9riode de location, les frais d&rsquo;annulation s&rsquo;\u00e9l\u00e8vent \u00e0 100 % du montant total de la location.<\/p><p>&#8211; Nous vous conseillons de souscrire une assurance annulation et une assurance voyage.<\/p><p><span style=\"color: #ff0000;\"><strong>Responsabilit\u00e9<\/strong><\/span><\/p><p>&#8211; Le bailleur n&rsquo;est pas responsable envers le locataire des dommages ou du vol des biens du locataire.<\/p><p>&#8211; Le bailleur n&rsquo;est pas responsable des accidents ou des blessures subis par le locataire et d&rsquo;autres personnes pendant leur s\u00e9jour, \u00e0 moins qu&rsquo;ils ne r\u00e9sultent d&rsquo;un d\u00e9faut du bien lou\u00e9 imputable au bailleur.<\/p><p>&#8211; Le locataire est responsable envers le bailleur des dommages caus\u00e9s au bien lou\u00e9 et au terrain, ainsi que des dommages caus\u00e9s aux biens des autres locataires et \u00e0 ceux du bailleur par les actes ou les omissions du locataire, des membres de sa famille et des visiteurs qu&rsquo;il a admis.<\/p><p>&#8211; Le bailleur n&rsquo;est pas responsable des cons\u00e9quences de conditions m\u00e9t\u00e9orologiques extr\u00eames ou d&rsquo;autres formes de force majeure ; &#8211; Le bailleur n&rsquo;est pas responsable des d\u00e9faillances des services publics.<\/p><p>&#8211; Les locataires peuvent utiliser la piscine. Toutefois, l&rsquo;utilisation de la piscine se fait enti\u00e8rement \u00e0 leurs risques et p\u00e9rils. Les enfants ne doivent jamais utiliser la piscine sans la surveillance de leurs parents.<\/p><p>&#8211; Nous n&rsquo;acceptons aucune responsabilit\u00e9 pour l&rsquo;utilisation de la piscine.<\/p><p><span style=\"color: #ff0000;\"><strong>Animaux de compagnie<\/strong><\/span><\/p><p>&#8211; Les autres h\u00f4tes ne doivent pas \u00eatre d\u00e9rang\u00e9s par la pr\u00e9sence de votre animal.<\/p><p>&#8211; Il est interdit de laisser votre animal sans surveillance sur les lieux ou dans le g\u00eete.<\/p><p>&#8211; Nos terrains sont ferm\u00e9s mais peuvent \u00eatre visit\u00e9s par toutes sortes d&rsquo;animaux. Votre animal doit \u00eatre \u00ab\u00a0prot\u00e9g\u00e9\u00a0\u00bb.<\/p><p>&#8211; Votre animal n&rsquo;est pas autoris\u00e9 \u00e0 faire ses besoins dans la propri\u00e9t\u00e9 elle-m\u00eame. En cas d&rsquo;accident, le propri\u00e9taire est tenu de le nettoyer.<\/p><p>&#8211; Le tarif pour le s\u00e9jour d&rsquo;un animal de compagnie est de 5,00 \u20ac par jour.<\/p><\/div><\/div><\/div><\/div><\/div><\/div><\/div><\/section><footer id=\"sp-footer\"><div class=\"container\"><div class=\"row\">\u00a0<\/div><\/div><\/footer>\t\t\t\t\t\t\t\t<\/div>\n\t\t\t\t<\/div>\n\t\t\t\t\t<\/div>\n\t\t<\/div>\n\t\t\t\t\t<\/div>\n\t\t<\/section>\n\t\t\t\t<section class=\"elementor-section elementor-top-section elementor-element elementor-element-2a8afd8d elementor-section-boxed elementor-section-height-default elementor-section-height-default\" data-id=\"2a8afd8d\" data-element_type=\"section\" data-e-type=\"section\">\n\t\t\t\t\t\t<div class=\"elementor-container elementor-column-gap-default\">\n\t\t\t\t\t<div class=\"elementor-column elementor-col-100 elementor-top-column elementor-element elementor-element-54edbed\" data-id=\"54edbed\" data-element_type=\"column\" data-e-type=\"column\">\n\t\t\t<div class=\"elementor-widget-wrap\">\n\t\t\t\t\t\t\t<\/div>\n\t\t<\/div>\n\t\t\t\t\t<\/div>\n\t\t<\/section>\n\t\t\t\t<section class=\"elementor-section elementor-top-section elementor-element elementor-element-51840db0 elementor-section-boxed elementor-section-height-default elementor-section-height-default\" data-id=\"51840db0\" data-element_type=\"section\" data-e-type=\"section\">\n\t\t\t\t\t\t<div class=\"elementor-container elementor-column-gap-default\">\n\t\t\t\t\t<div class=\"elementor-column elementor-col-100 elementor-top-column elementor-element elementor-element-cb1c167\" data-id=\"cb1c167\" data-element_type=\"column\" data-e-type=\"column\">\n\t\t\t<div class=\"elementor-widget-wrap\">\n\t\t\t\t\t\t\t<\/div>\n\t\t<\/div>\n\t\t\t\t\t<\/div>\n\t\t<\/section>\n\t\t\t\t<section class=\"elementor-section elementor-top-section elementor-element elementor-element-47bd2cb5 elementor-section-boxed elementor-section-height-default elementor-section-height-default\" data-id=\"47bd2cb5\" data-element_type=\"section\" data-e-type=\"section\">\n\t\t\t\t\t\t<div class=\"elementor-container elementor-column-gap-default\">\n\t\t\t\t\t<div class=\"elementor-column elementor-col-100 elementor-top-column elementor-element elementor-element-7f3755c\" data-id=\"7f3755c\" data-element_type=\"column\" data-e-type=\"column\">\n\t\t\t<div class=\"elementor-widget-wrap\">\n\t\t\t\t\t\t\t<\/div>\n\t\t<\/div>\n\t\t\t\t\t<\/div>\n\t\t<\/section>\n\t\t\t\t<\/div>\n\t\t","protected":false},"excerpt":{"rendered":"<p>Conditions g\u00e9n\u00e9rales Les conditions g\u00e9n\u00e9rales suivantes s&rsquo;appliquent \u00e0 toutes les locations de vacances meubl\u00e9es au Mouron Rouge, 83680, La Garde-Freinet, France.\u00a0 Lorsque vous r\u00e9servez une de nos propri\u00e9t\u00e9s, nous supposons que vous avez lu et accept\u00e9 nos conditions g\u00e9n\u00e9rales. S\u00e9jour &#8211; L&rsquo;arriv\u00e9e est possible \u00e0 partir de 16h00. D\u00e9part au plus tard \u00e0 10h00. &#8211; [&hellip;]<\/p>\n","protected":false},"author":1,"featured_media":0,"parent":0,"menu_order":0,"comment_status":"closed","ping_status":"closed","template":"","meta":{"site-sidebar-layout":"no-sidebar","site-content-layout":"page-builder","ast-site-content-layout":"default","site-content-style":"default","site-sidebar-style":"default","ast-global-header-display":"","ast-banner-title-visibility":"","ast-main-header-display":"","ast-hfb-above-header-display":"","ast-hfb-below-header-display":"","ast-hfb-mobile-header-display":"","site-post-title":"disabled","ast-breadcrumbs-content":"","ast-featured-img":"disabled","footer-sml-layout":"","ast-disable-related-posts":"","theme-transparent-header-meta":"default","adv-header-id-meta":"","stick-header-meta":"default","header-above-stick-meta":"","header-main-stick-meta":"","header-below-stick-meta":"","astra-migrate-meta-layouts":"default","ast-page-background-enabled":"default","ast-page-background-meta":{"desktop":{"background-color":"","background-image":"","background-repeat":"repeat","background-position":"center center","background-size":"auto","background-attachment":"scroll","background-type":"","background-media":"","overlay-type":"","overlay-color":"","overlay-opacity":"","overlay-gradient":""},"tablet":{"background-color":"","background-image":"","background-repeat":"repeat","background-position":"center center","background-size":"auto","background-attachment":"scroll","background-type":"","background-media":"","overlay-type":"","overlay-color":"","overlay-opacity":"","overlay-gradient":""},"mobile":{"background-color":"","background-image":"","background-repeat":"repeat","background-position":"center center","background-size":"auto","background-attachment":"scroll","background-type":"","background-media":"","overlay-type":"","overlay-color":"","overlay-opacity":"","overlay-gradient":""}},"ast-content-background-meta":{"desktop":{"background-color":"var(--ast-global-color-5)","background-image":"","background-repeat":"repeat","background-position":"center center","background-size":"auto","background-attachment":"scroll","background-type":"","background-media":"","overlay-type":"","overlay-color":"","overlay-opacity":"","overlay-gradient":""},"tablet":{"background-color":"var(--ast-global-color-5)","background-image":"","background-repeat":"repeat","background-position":"center center","background-size":"auto","background-attachment":"scroll","background-type":"","background-media":"","overlay-type":"","overlay-color":"","overlay-opacity":"","overlay-gradient":""},"mobile":{"background-color":"var(--ast-global-color-5)","background-image":"","background-repeat":"repeat","background-position":"center center","background-size":"auto","background-attachment":"scroll","background-type":"","background-media":"","overlay-type":"","overlay-color":"","overlay-opacity":"","overlay-gradient":""}},"footnotes":""},"class_list":["post-1130","page","type-page","status-publish","hentry"],"_links":{"self":[{"href":"https:\/\/lemouronrouge.com\/fr\/wp-json\/wp\/v2\/pages\/1130","targetHints":{"allow":["GET"]}}],"collection":[{"href":"https:\/\/lemouronrouge.com\/fr\/wp-json\/wp\/v2\/pages"}],"about":[{"href":"https:\/\/lemouronrouge.com\/fr\/wp-json\/wp\/v2\/types\/page"}],"author":[{"embeddable":true,"href":"https:\/\/lemouronrouge.com\/fr\/wp-json\/wp\/v2\/users\/1"}],"replies":[{"embeddable":true,"href":"https:\/\/lemouronrouge.com\/fr\/wp-json\/wp\/v2\/comments?post=1130"}],"version-history":[{"count":27,"href":"https:\/\/lemouronrouge.com\/fr\/wp-json\/wp\/v2\/pages\/1130\/revisions"}],"predecessor-version":[{"id":5641,"href":"https:\/\/lemouronrouge.com\/fr\/wp-json\/wp\/v2\/pages\/1130\/revisions\/5641"}],"wp:attachment":[{"href":"https:\/\/lemouronrouge.com\/fr\/wp-json\/wp\/v2\/media?parent=1130"}],"curies":[{"name":"wp","href":"https:\/\/api.w.org\/{rel}","templated":true}]}}