{"id":1144,"date":"2019-12-13T08:25:09","date_gmt":"2019-12-13T08:25:09","guid":{"rendered":"http:\/\/lemouronrouge.com\/situation-et-plan-dacces\/"},"modified":"2023-09-20T16:38:29","modified_gmt":"2023-09-20T16:38:29","slug":"situation-et-plan-dacces","status":"publish","type":"page","link":"https:\/\/lemouronrouge.com\/fr\/situation-et-plan-dacces\/","title":{"rendered":"Situation et plan d&rsquo;acc\u00e8s"},"content":{"rendered":"\t\t<div data-elementor-type=\"wp-page\" data-elementor-id=\"1144\" class=\"elementor elementor-1144\" data-elementor-post-type=\"page\">\n\t\t\t\t\t\t<section class=\"elementor-section elementor-top-section elementor-element elementor-element-1842df2 elementor-section-boxed elementor-section-height-default elementor-section-height-default\" data-id=\"1842df2\" data-element_type=\"section\" data-e-type=\"section\">\n\t\t\t\t\t\t<div class=\"elementor-container elementor-column-gap-default\">\n\t\t\t\t\t<div class=\"elementor-column elementor-col-100 elementor-top-column elementor-element elementor-element-11d8a64\" data-id=\"11d8a64\" data-element_type=\"column\" data-e-type=\"column\">\n\t\t\t<div class=\"elementor-widget-wrap elementor-element-populated\">\n\t\t\t\t\t\t<div class=\"elementor-element elementor-element-cb8a598 elementor-invisible elementor-widget elementor-widget-heading\" data-id=\"cb8a598\" data-element_type=\"widget\" data-e-type=\"widget\" data-settings=\"{&quot;_animation&quot;:&quot;fadeInLeft&quot;,&quot;_animation_delay&quot;:500}\" data-widget_type=\"heading.default\">\n\t\t\t\t<div class=\"elementor-widget-container\">\n\t\t\t\t\t<h1 class=\"elementor-heading-title elementor-size-default\">Situation et plan d'acc\u00e8s<\/h1>\t\t\t\t<\/div>\n\t\t\t\t<\/div>\n\t\t\t\t\t<\/div>\n\t\t<\/div>\n\t\t\t\t\t<\/div>\n\t\t<\/section>\n\t\t\t\t<section class=\"elementor-section elementor-top-section elementor-element elementor-element-2edf962 elementor-section-full_width elementor-section-height-default elementor-section-height-default\" data-id=\"2edf962\" data-element_type=\"section\" data-e-type=\"section\">\n\t\t\t\t\t\t<div class=\"elementor-container elementor-column-gap-default\">\n\t\t\t\t\t<div class=\"elementor-column elementor-col-100 elementor-top-column elementor-element elementor-element-c7b9d32\" data-id=\"c7b9d32\" data-element_type=\"column\" data-e-type=\"column\">\n\t\t\t<div class=\"elementor-widget-wrap elementor-element-populated\">\n\t\t\t\t\t\t<div class=\"elementor-element elementor-element-200cdd9 elementor-widget elementor-widget-google_maps\" data-id=\"200cdd9\" data-element_type=\"widget\" data-e-type=\"widget\" data-widget_type=\"google_maps.default\">\n\t\t\t\t<div class=\"elementor-widget-container\">\n\t\t\t\t\t\t\t<div class=\"elementor-custom-embed\">\n\t\t\t<iframe loading=\"lazy\"\n\t\t\t\t\tsrc=\"https:\/\/maps.google.com\/maps?q=le%20mouron%20rouge&#038;t=m&#038;z=10&#038;output=embed&#038;iwloc=near\"\n\t\t\t\t\ttitle=\"le mouron rouge\"\n\t\t\t\t\taria-label=\"le mouron rouge\"\n\t\t\t><\/iframe>\n\t\t<\/div>\n\t\t\t\t\t\t<\/div>\n\t\t\t\t<\/div>\n\t\t\t\t\t<\/div>\n\t\t<\/div>\n\t\t\t\t\t<\/div>\n\t\t<\/section>\n\t\t\t\t<section class=\"elementor-section elementor-top-section elementor-element elementor-element-51c3d972 elementor-section-boxed elementor-section-height-default elementor-section-height-default\" data-id=\"51c3d972\" data-element_type=\"section\" data-e-type=\"section\">\n\t\t\t\t\t\t<div class=\"elementor-container elementor-column-gap-default\">\n\t\t\t\t\t<div class=\"elementor-column elementor-col-100 elementor-top-column elementor-element elementor-element-45c0641b\" data-id=\"45c0641b\" data-element_type=\"column\" data-e-type=\"column\">\n\t\t\t<div class=\"elementor-widget-wrap elementor-element-populated\">\n\t\t\t\t\t\t<div class=\"elementor-element elementor-element-7358b7c8 elementor-widget elementor-widget-text-editor\" data-id=\"7358b7c8\" data-element_type=\"widget\" data-e-type=\"widget\" data-widget_type=\"text-editor.default\">\n\t\t\t\t<div class=\"elementor-widget-container\">\n\t\t\t\t\t\t\t\t\t<h3 class=\"sp-module-title\">ALLER \u00c0 LA GARDE-FREINET<\/h3>\n<div class=\"sp-module-content\">\n<div class=\"custom\">\n<p><strong>Par voiture:<\/strong><br \/>\nEn venant de Nice ou Aix-en-Provence:<\/p>\n<p>Prenez l\u2019autoroute A8<br \/>\nApr\u00e8s la sortie 36 resp 35, suivez l\u2019autoroute A 57 \u2013 direction Toulon \/ Le Luc.<\/p>\n<p>Apr\u00e8s seulement 500 m\u00e8tres, prenez la premi\u00e8re sortie \u2013 direction Cannet-de-Maures \/ Le Luc \/ La Garde-Freinet.<\/p>\n<p>Puis, suivez la route D 558 \u2013 direction Saint-Tropez \/ La Garde-Freinet.<\/p>\n<p>Suivre Saint-Tropez puis suivre la route (D558) sur 17 Km.<\/p>\n<p>1 km avant le village La Garde-Freinet \u00e0 droite il se trouve Le Mouron Rouge.<\/p>\n<p><strong>Par avion:<\/strong><br \/>\n\u00b7\u00a0\u00a0\u00a0\u00a0\u00a0\u00a0\u00a0\u00a0 100 km Nice<br \/>\n\u00b7\u00a0\u00a0\u00a0\u00a0\u00a0\u00a0\u00a0\u00a0 120 km Marseille<br \/>\n\u00b7\u00a0\u00a0\u00a0\u00a0\u00a0\u00a0\u00a0\u00a0 56 km Toulon \u2013 Hy\u00e8res<\/p>\n<p><strong>En venant en train:<\/strong><br \/>\nLa gare Les Arcs-Draguignan ou\u00a0Fr\u00e9jus<\/p>\n<p><strong>Coordonn\u00e9es:<\/strong><br \/>\nN 43.32346 \u00a0E 6.47429<\/p>\n<\/div>\n<\/div>\n\t\t\t\t\t\t\t\t<\/div>\n\t\t\t\t<\/div>\n\t\t\t\t\t<\/div>\n\t\t<\/div>\n\t\t\t\t\t<\/div>\n\t\t<\/section>\n\t\t\t\t<section class=\"elementor-section elementor-top-section elementor-element elementor-element-6224ce8d elementor-section-boxed elementor-section-height-default elementor-section-height-default\" data-id=\"6224ce8d\" data-element_type=\"section\" data-e-type=\"section\">\n\t\t\t\t\t\t<div class=\"elementor-container elementor-column-gap-default\">\n\t\t\t\t\t<div class=\"elementor-column elementor-col-100 elementor-top-column elementor-element elementor-element-78f5ce41\" data-id=\"78f5ce41\" data-element_type=\"column\" data-e-type=\"column\">\n\t\t\t<div class=\"elementor-widget-wrap elementor-element-populated\">\n\t\t\t\t\t\t<div class=\"elementor-element elementor-element-58e5ef34 elementor-widget elementor-widget-gallery\" data-id=\"58e5ef34\" data-element_type=\"widget\" data-e-type=\"widget\" data-settings=\"{&quot;columns&quot;:5,&quot;lazyload&quot;:&quot;yes&quot;,&quot;gallery_layout&quot;:&quot;grid&quot;,&quot;columns_tablet&quot;:2,&quot;columns_mobile&quot;:1,&quot;gap&quot;:{&quot;unit&quot;:&quot;px&quot;,&quot;size&quot;:10,&quot;sizes&quot;:[]},&quot;gap_tablet&quot;:{&quot;unit&quot;:&quot;px&quot;,&quot;size&quot;:10,&quot;sizes&quot;:[]},&quot;gap_mobile&quot;:{&quot;unit&quot;:&quot;px&quot;,&quot;size&quot;:10,&quot;sizes&quot;:[]},&quot;link_to&quot;:&quot;file&quot;,&quot;aspect_ratio&quot;:&quot;3:2&quot;,&quot;overlay_background&quot;:&quot;yes&quot;,&quot;content_hover_animation&quot;:&quot;fade-in&quot;}\" data-widget_type=\"gallery.default\">\n\t\t\t\t<div class=\"elementor-widget-container\">\n\t\t\t\t\t\t\t<div class=\"elementor-gallery__container\">\n\t\t\t\t\t\t\t<a class=\"e-gallery-item elementor-gallery-item elementor-animated-content\" href=\"https:\/\/lemouronrouge.com\/wp-content\/uploads\/2023\/09\/foto-28.jpg\" data-elementor-open-lightbox=\"yes\" data-elementor-lightbox-slideshow=\"58e5ef34\" data-elementor-lightbox-title=\"Foto (28)\" data-e-action-hash=\"#elementor-action%3Aaction%3Dlightbox%26settings%3DeyJpZCI6NjA1MiwidXJsIjoiaHR0cHM6XC9cL2xlbW91cm9ucm91Z2UuY29tXC93cC1jb250ZW50XC91cGxvYWRzXC8yMDIzXC8wOVwvZm90by0yOC5qcGciLCJzbGlkZXNob3ciOiI1OGU1ZWYzNCJ9\">\n\t\t\t\t\t<div class=\"e-gallery-image elementor-gallery-item__image\" data-thumbnail=\"https:\/\/lemouronrouge.com\/wp-content\/uploads\/2023\/09\/foto-28-300x224.jpg\" data-width=\"300\" data-height=\"224\" aria-label=\"\" role=\"img\" ><\/div>\n\t\t\t\t\t\t\t\t\t\t\t<div class=\"elementor-gallery-item__overlay\"><\/div>\n\t\t\t\t\t\t\t\t\t\t\t\t\t\t<\/a>\n\t\t\t\t\t\t\t<a class=\"e-gallery-item elementor-gallery-item elementor-animated-content\" href=\"https:\/\/lemouronrouge.com\/wp-content\/uploads\/2023\/09\/foto-27.jpg\" data-elementor-open-lightbox=\"yes\" data-elementor-lightbox-slideshow=\"58e5ef34\" data-elementor-lightbox-title=\"Foto (27)\" data-e-action-hash=\"#elementor-action%3Aaction%3Dlightbox%26settings%3DeyJpZCI6NjA0NywidXJsIjoiaHR0cHM6XC9cL2xlbW91cm9ucm91Z2UuY29tXC93cC1jb250ZW50XC91cGxvYWRzXC8yMDIzXC8wOVwvZm90by0yNy5qcGciLCJzbGlkZXNob3ciOiI1OGU1ZWYzNCJ9\">\n\t\t\t\t\t<div class=\"e-gallery-image elementor-gallery-item__image\" data-thumbnail=\"https:\/\/lemouronrouge.com\/wp-content\/uploads\/2023\/09\/foto-27-300x234.jpg\" data-width=\"300\" data-height=\"234\" aria-label=\"\" role=\"img\" ><\/div>\n\t\t\t\t\t\t\t\t\t\t\t<div class=\"elementor-gallery-item__overlay\"><\/div>\n\t\t\t\t\t\t\t\t\t\t\t\t\t\t<\/a>\n\t\t\t\t\t\t\t<a class=\"e-gallery-item elementor-gallery-item elementor-animated-content\" href=\"https:\/\/lemouronrouge.com\/wp-content\/uploads\/2023\/09\/foto-20.jpg\" data-elementor-open-lightbox=\"yes\" data-elementor-lightbox-slideshow=\"58e5ef34\" data-elementor-lightbox-title=\"Foto (20)\" data-e-action-hash=\"#elementor-action%3Aaction%3Dlightbox%26settings%3DeyJpZCI6NjAzMiwidXJsIjoiaHR0cHM6XC9cL2xlbW91cm9ucm91Z2UuY29tXC93cC1jb250ZW50XC91cGxvYWRzXC8yMDIzXC8wOVwvZm90by0yMC5qcGciLCJzbGlkZXNob3ciOiI1OGU1ZWYzNCJ9\">\n\t\t\t\t\t<div class=\"e-gallery-image elementor-gallery-item__image\" data-thumbnail=\"https:\/\/lemouronrouge.com\/wp-content\/uploads\/2023\/09\/foto-20-300x218.jpg\" data-width=\"300\" data-height=\"218\" aria-label=\"\" role=\"img\" ><\/div>\n\t\t\t\t\t\t\t\t\t\t\t<div class=\"elementor-gallery-item__overlay\"><\/div>\n\t\t\t\t\t\t\t\t\t\t\t\t\t\t<\/a>\n\t\t\t\t\t\t\t<a class=\"e-gallery-item elementor-gallery-item elementor-animated-content\" href=\"https:\/\/lemouronrouge.com\/wp-content\/uploads\/2023\/09\/foto-19.jpg\" data-elementor-open-lightbox=\"yes\" data-elementor-lightbox-slideshow=\"58e5ef34\" data-elementor-lightbox-title=\"Foto (19)\" data-e-action-hash=\"#elementor-action%3Aaction%3Dlightbox%26settings%3DeyJpZCI6NjAyNywidXJsIjoiaHR0cHM6XC9cL2xlbW91cm9ucm91Z2UuY29tXC93cC1jb250ZW50XC91cGxvYWRzXC8yMDIzXC8wOVwvZm90by0xOS5qcGciLCJzbGlkZXNob3ciOiI1OGU1ZWYzNCJ9\">\n\t\t\t\t\t<div class=\"e-gallery-image elementor-gallery-item__image\" data-thumbnail=\"https:\/\/lemouronrouge.com\/wp-content\/uploads\/2023\/09\/foto-19-300x224.jpg\" data-width=\"300\" data-height=\"224\" aria-label=\"\" role=\"img\" ><\/div>\n\t\t\t\t\t\t\t\t\t\t\t<div class=\"elementor-gallery-item__overlay\"><\/div>\n\t\t\t\t\t\t\t\t\t\t\t\t\t\t<\/a>\n\t\t\t\t\t\t\t<a class=\"e-gallery-item elementor-gallery-item elementor-animated-content\" href=\"https:\/\/lemouronrouge.com\/wp-content\/uploads\/2023\/09\/foto-31.jpg\" data-elementor-open-lightbox=\"yes\" data-elementor-lightbox-slideshow=\"58e5ef34\" data-elementor-lightbox-title=\"Foto (31)\" data-e-action-hash=\"#elementor-action%3Aaction%3Dlightbox%26settings%3DeyJpZCI6NjA2MiwidXJsIjoiaHR0cHM6XC9cL2xlbW91cm9ucm91Z2UuY29tXC93cC1jb250ZW50XC91cGxvYWRzXC8yMDIzXC8wOVwvZm90by0zMS5qcGciLCJzbGlkZXNob3ciOiI1OGU1ZWYzNCJ9\">\n\t\t\t\t\t<div class=\"e-gallery-image elementor-gallery-item__image\" data-thumbnail=\"https:\/\/lemouronrouge.com\/wp-content\/uploads\/2023\/09\/foto-31-300x224.jpg\" data-width=\"300\" data-height=\"224\" aria-label=\"\" role=\"img\" ><\/div>\n\t\t\t\t\t\t\t\t\t\t\t<div class=\"elementor-gallery-item__overlay\"><\/div>\n\t\t\t\t\t\t\t\t\t\t\t\t\t\t<\/a>\n\t\t\t\t\t<\/div>\n\t\t\t\t\t<\/div>\n\t\t\t\t<\/div>\n\t\t\t\t\t<\/div>\n\t\t<\/div>\n\t\t\t\t\t<\/div>\n\t\t<\/section>\n\t\t\t\t<\/div>\n\t\t","protected":false},"excerpt":{"rendered":"<p>Situation et plan d&rsquo;acc\u00e8s ALLER \u00c0 LA GARDE-FREINET Par voiture: En venant de Nice ou Aix-en-Provence: Prenez l\u2019autoroute A8 Apr\u00e8s la sortie 36 resp 35, suivez l\u2019autoroute A 57 \u2013 direction Toulon \/ Le Luc. Apr\u00e8s seulement 500 m\u00e8tres, prenez la premi\u00e8re sortie \u2013 direction Cannet-de-Maures \/ Le Luc \/ La Garde-Freinet. Puis, suivez la [&hellip;]<\/p>\n","protected":false},"author":1,"featured_media":0,"parent":0,"menu_order":0,"comment_status":"closed","ping_status":"closed","template":"","meta":{"site-sidebar-layout":"no-sidebar","site-content-layout":"page-builder","ast-site-content-layout":"default","site-content-style":"default","site-sidebar-style":"default","ast-global-header-display":"","ast-banner-title-visibility":"","ast-main-header-display":"","ast-hfb-above-header-display":"","ast-hfb-below-header-display":"","ast-hfb-mobile-header-display":"","site-post-title":"disabled","ast-breadcrumbs-content":"","ast-featured-img":"disabled","footer-sml-layout":"","ast-disable-related-posts":"","theme-transparent-header-meta":"default","adv-header-id-meta":"","stick-header-meta":"default","header-above-stick-meta":"","header-main-stick-meta":"","header-below-stick-meta":"","astra-migrate-meta-layouts":"default","ast-page-background-enabled":"default","ast-page-background-meta":{"desktop":{"background-color":"","background-image":"","background-repeat":"repeat","background-position":"center center","background-size":"auto","background-attachment":"scroll","background-type":"","background-media":"","overlay-type":"","overlay-color":"","overlay-opacity":"","overlay-gradient":""},"tablet":{"background-color":"","background-image":"","background-repeat":"repeat","background-position":"center center","background-size":"auto","background-attachment":"scroll","background-type":"","background-media":"","overlay-type":"","overlay-color":"","overlay-opacity":"","overlay-gradient":""},"mobile":{"background-color":"","background-image":"","background-repeat":"repeat","background-position":"center center","background-size":"auto","background-attachment":"scroll","background-type":"","background-media":"","overlay-type":"","overlay-color":"","overlay-opacity":"","overlay-gradient":""}},"ast-content-background-meta":{"desktop":{"background-color":"var(--ast-global-color-5)","background-image":"","background-repeat":"repeat","background-position":"center center","background-size":"auto","background-attachment":"scroll","background-type":"","background-media":"","overlay-type":"","overlay-color":"","overlay-opacity":"","overlay-gradient":""},"tablet":{"background-color":"var(--ast-global-color-5)","background-image":"","background-repeat":"repeat","background-position":"center center","background-size":"auto","background-attachment":"scroll","background-type":"","background-media":"","overlay-type":"","overlay-color":"","overlay-opacity":"","overlay-gradient":""},"mobile":{"background-color":"var(--ast-global-color-5)","background-image":"","background-repeat":"repeat","background-position":"center center","background-size":"auto","background-attachment":"scroll","background-type":"","background-media":"","overlay-type":"","overlay-color":"","overlay-opacity":"","overlay-gradient":""}},"footnotes":""},"class_list":["post-1144","page","type-page","status-publish","hentry"],"_links":{"self":[{"href":"https:\/\/lemouronrouge.com\/fr\/wp-json\/wp\/v2\/pages\/1144","targetHints":{"allow":["GET"]}}],"collection":[{"href":"https:\/\/lemouronrouge.com\/fr\/wp-json\/wp\/v2\/pages"}],"about":[{"href":"https:\/\/lemouronrouge.com\/fr\/wp-json\/wp\/v2\/types\/page"}],"author":[{"embeddable":true,"href":"https:\/\/lemouronrouge.com\/fr\/wp-json\/wp\/v2\/users\/1"}],"replies":[{"embeddable":true,"href":"https:\/\/lemouronrouge.com\/fr\/wp-json\/wp\/v2\/comments?post=1144"}],"version-history":[{"count":6,"href":"https:\/\/lemouronrouge.com\/fr\/wp-json\/wp\/v2\/pages\/1144\/revisions"}],"predecessor-version":[{"id":6269,"href":"https:\/\/lemouronrouge.com\/fr\/wp-json\/wp\/v2\/pages\/1144\/revisions\/6269"}],"wp:attachment":[{"href":"https:\/\/lemouronrouge.com\/fr\/wp-json\/wp\/v2\/media?parent=1144"}],"curies":[{"name":"wp","href":"https:\/\/api.w.org\/{rel}","templated":true}]}}