{"id":1159,"date":"2019-12-14T23:51:06","date_gmt":"2019-12-14T23:51:06","guid":{"rendered":"http:\/\/lemouronrouge.com\/declaration-de-confidentialite\/"},"modified":"2021-01-14T15:46:30","modified_gmt":"2021-01-14T15:46:30","slug":"declaration-de-confidentialite","status":"publish","type":"page","link":"https:\/\/lemouronrouge.com\/fr\/declaration-de-confidentialite\/","title":{"rendered":"D\u00e9claration de confidentialit\u00e9"},"content":{"rendered":"\t\t<div data-elementor-type=\"wp-page\" data-elementor-id=\"1159\" class=\"elementor elementor-1159\" data-elementor-post-type=\"page\">\n\t\t\t\t\t\t<section class=\"elementor-section elementor-top-section elementor-element elementor-element-6bf54f5 elementor-section-full_width elementor-section-height-default elementor-section-height-default\" data-id=\"6bf54f5\" data-element_type=\"section\" data-e-type=\"section\">\n\t\t\t\t\t\t<div class=\"elementor-container elementor-column-gap-default\">\n\t\t\t\t\t<div class=\"elementor-column elementor-col-100 elementor-top-column elementor-element elementor-element-717d15f\" data-id=\"717d15f\" data-element_type=\"column\" data-e-type=\"column\">\n\t\t\t<div class=\"elementor-widget-wrap elementor-element-populated\">\n\t\t\t\t\t\t<div class=\"elementor-element elementor-element-4caffaa elementor--h-position-center elementor--v-position-middle elementor-widget elementor-widget-slides\" data-id=\"4caffaa\" data-element_type=\"widget\" data-e-type=\"widget\" data-settings=\"{&quot;navigation&quot;:&quot;none&quot;,&quot;autoplay&quot;:&quot;yes&quot;,&quot;autoplay_speed&quot;:5000,&quot;infinite&quot;:&quot;yes&quot;,&quot;transition&quot;:&quot;slide&quot;,&quot;transition_speed&quot;:500}\" data-widget_type=\"slides.default\">\n\t\t\t\t<div class=\"elementor-widget-container\">\n\t\t\t\t\t\t\t\t\t<div class=\"elementor-swiper\">\n\t\t\t\t\t<div class=\"elementor-slides-wrapper elementor-main-swiper swiper\" role=\"region\" aria-roledescription=\"carousel\" aria-label=\"Diapositives\" dir=\"ltr\" data-animation=\"fadeInUp\">\n\t\t\t\t<div class=\"swiper-wrapper elementor-slides\">\n\t\t\t\t\t\t\t\t\t\t<div class=\"elementor-repeater-item-269e9ca swiper-slide\" role=\"group\" aria-roledescription=\"slide\"><div class=\"swiper-slide-bg\" role=\"img\" aria-label=\"IMG 6910\"><\/div><div class=\"swiper-slide-inner\" ><div class=\"swiper-slide-contents\"><div class=\"elementor-slide-description\"><p>r<\/p>\n<\/div><\/div><\/div><\/div><div class=\"elementor-repeater-item-605d02b swiper-slide\" role=\"group\" aria-roledescription=\"slide\"><div class=\"swiper-slide-bg\" role=\"img\" aria-label=\"IMG 7146\"><\/div><div class=\"swiper-slide-inner\" ><div class=\"swiper-slide-contents\"><\/div><\/div><\/div><div class=\"elementor-repeater-item-b4d187e swiper-slide\" role=\"group\" aria-roledescription=\"slide\"><div class=\"swiper-slide-bg\" role=\"img\" aria-label=\"IMG 6909\"><\/div><div class=\"swiper-slide-inner\" ><div class=\"swiper-slide-contents\"><\/div><\/div><\/div><div class=\"elementor-repeater-item-e793bda swiper-slide\" role=\"group\" aria-roledescription=\"slide\"><div class=\"swiper-slide-bg\" role=\"img\" aria-label=\"IMG 1208uitzichtslider (1)\"><\/div><div class=\"swiper-slide-inner\" ><div class=\"swiper-slide-contents\"><\/div><\/div><\/div><div class=\"elementor-repeater-item-7b5e4d2 swiper-slide\" role=\"group\" aria-roledescription=\"slide\"><div class=\"swiper-slide-bg\" role=\"img\" aria-label=\"Tuin\"><\/div><div class=\"swiper-slide-inner\" ><div class=\"swiper-slide-contents\"><\/div><\/div><\/div>\t\t\t\t<\/div>\n\t\t\t\t\t\t\t\t\t\t\t\t\t\t\t\t\t\t\t\t\t<\/div>\n\t\t\t\t<\/div>\n\t\t\t\t\t\t\t\t<\/div>\n\t\t\t\t<\/div>\n\t\t\t\t\t<\/div>\n\t\t<\/div>\n\t\t\t\t\t<\/div>\n\t\t<\/section>\n\t\t\t\t<section class=\"elementor-section elementor-top-section elementor-element elementor-element-643a94ce elementor-section-boxed elementor-section-height-default elementor-section-height-default\" data-id=\"643a94ce\" data-element_type=\"section\" data-e-type=\"section\">\n\t\t\t\t\t\t<div class=\"elementor-container elementor-column-gap-default\">\n\t\t\t\t\t<div class=\"elementor-column elementor-col-100 elementor-top-column elementor-element elementor-element-462a433c\" data-id=\"462a433c\" data-element_type=\"column\" data-e-type=\"column\">\n\t\t\t<div class=\"elementor-widget-wrap elementor-element-populated\">\n\t\t\t\t\t\t<div class=\"elementor-element elementor-element-17772c98 elementor-invisible elementor-widget elementor-widget-heading\" data-id=\"17772c98\" data-element_type=\"widget\" data-e-type=\"widget\" data-settings=\"{&quot;_animation&quot;:&quot;fadeInLeft&quot;,&quot;_animation_delay&quot;:500}\" data-widget_type=\"heading.default\">\n\t\t\t\t<div class=\"elementor-widget-container\">\n\t\t\t\t\t<h1 class=\"elementor-heading-title elementor-size-default\">D\u00e9claration de confidentialit\u00e9<\/h1>\t\t\t\t<\/div>\n\t\t\t\t<\/div>\n\t\t\t\t\t<\/div>\n\t\t<\/div>\n\t\t\t\t\t<\/div>\n\t\t<\/section>\n\t\t\t\t<section class=\"elementor-section elementor-top-section elementor-element elementor-element-3e4f8f3f elementor-section-boxed elementor-section-height-default elementor-section-height-default\" data-id=\"3e4f8f3f\" data-element_type=\"section\" data-e-type=\"section\">\n\t\t\t\t\t\t<div class=\"elementor-container elementor-column-gap-default\">\n\t\t\t\t\t<div class=\"elementor-column elementor-col-100 elementor-top-column elementor-element elementor-element-3782886c\" data-id=\"3782886c\" data-element_type=\"column\" data-e-type=\"column\">\n\t\t\t<div class=\"elementor-widget-wrap elementor-element-populated\">\n\t\t\t\t\t\t<div class=\"elementor-element elementor-element-2b568724 elementor-widget elementor-widget-text-editor\" data-id=\"2b568724\" data-element_type=\"widget\" data-e-type=\"widget\" data-widget_type=\"text-editor.default\">\n\t\t\t\t<div class=\"elementor-widget-container\">\n\t\t\t\t\t\t\t\t\t<p>R\u00e9sidence Le Mouron Rouge, situ\u00e9e \u00e0 la R\u00e9sidence Le Mouron Rouge 1115 Route du Luc BP 9 83680 La Garde-Freinet France T\u00e9l: 00 33 (0) 4 94 43 66 33 Port: 00 33 (0) 6 10 20 73 39, est responsable du traitement des donn\u00e9es personnelles comme indiqu\u00e9 dans cette d\u00e9claration de confidentialit\u00e9.<\/p>\n<p><strong>Coordonn\u00e9es<\/strong><br \/>\nwww.lemouronrouge.com<br \/>\nR\u00e9sidence Le Mouron Rouge<br \/>\n1115 Route du Luc BP 9<br \/>\n83680 La Garde-Freinet France<br \/>\nTel: 00 33 (0) 4 94 43 66 33 Port: 00 33 (0) 6 10 20 73 39 +33494436633<\/p>\n<p>Donna Ponticorvo est D\u00e9l\u00e9gu\u00e9e \u00e0 la Protection des Donn\u00e9es de la R\u00e9sidence Le Mouron Rouge. Elle peut \u00eatre contact\u00e9e via\u00a0<span id=\"cloak03f22e9bc806a10497289de710803bbc\"><a href=\"mailto:reservation@lemouronrouge.com\">reservation@lemouronrouge.com<\/a><\/span><\/p>\n<p><strong>Donn\u00e9es personnelles que nous traitons<\/strong><br \/>\nResidence Le Mouron Rouge ne traite pas les donn\u00e9es personnelles, car sur notre site, aucune donn\u00e9e personnelle ne peut \u00eatre laiss\u00e9e pour compte. Nous n&rsquo;utilisons pas non plus les plugins de m\u00e9dias sociaux.<\/p>\n<p><strong>Donn\u00e9es personnelles sp\u00e9ciales et \/ ou sensibles que nous traitons<\/strong><br \/>\nNotre site Web et \/ ou service n&rsquo;a pas l&rsquo;intention de recueillir des donn\u00e9es sur les visiteurs du site qui ont moins de 16 ans. Sauf s&rsquo;ils ont la permission des parents ou des tuteurs. Cependant, nous ne pouvons pas v\u00e9rifier si un visiteur a plus de 16 ans. Nous encourageons les parents \u00e0 s&rsquo;impliquer dans les activit\u00e9s en ligne de leurs enfants, afin d&rsquo;\u00e9viter que des donn\u00e9es sur les enfants soient collect\u00e9es sans le consentement des parents. Si vous \u00eates convaincu que nous avons recueilli des informations personnelles sur un mineur sans ce consentement, veuillez nous contacter via\u00a0<span id=\"cloak9bf734e7b9b7e8c9a35d281df5c9a46a\"><a href=\"mailto:reservation@lemouronrouge.com\">reservation@lemouronrouge.com<\/a><\/span>\u00a0et nous effacerons ces informations.<\/p>\n<p><strong>Dans quel but et sur quelle base nous traitons les donn\u00e9es personnelles<\/strong><br \/>\nR\u00e9sidence Le Mouron Rouge traite vos donn\u00e9es personnelles aux fins suivantes: &#8211; Traitement de votre paiement ou r\u00e9servation.<\/p>\n<p><strong>Prise de d\u00e9cision automatis\u00e9e<\/strong><br \/>\nLa R\u00e9sidence Le Mouron Rouge ne prend pas de d\u00e9cisions bas\u00e9es sur un traitement automatis\u00e9 sur des sujets pouvant avoir des cons\u00e9quences (significatives) pour les personnes. Ce sont des d\u00e9cisions prises par des programmes informatiques ou des syst\u00e8mes, sans personne (par exemple un membre du personnel de la R\u00e9sidence Le Mouron Rouge) assis entre les deux. La R\u00e9sidence Le Mouron Rouge utilise les programmes ou syst\u00e8mes informatiques suivants: beds24.com<\/p>\n<p><strong>Combien de temps nous stockons les donn\u00e9es personnelles<\/strong><br \/>\nLa R\u00e9sidence Le Mouron Rouge ne conserve pas vos donn\u00e9es personnelles plus longtemps que ce qui est strictement n\u00e9cessaire pour r\u00e9aliser les finalit\u00e9s pour lesquelles vos donn\u00e9es sont collect\u00e9es. Nous utilisons les p\u00e9riodes de conservation suivantes pour les cat\u00e9gories suivantes de donn\u00e9es \u00e0 caract\u00e8re personnel: (Donn\u00e9es personnelles)&gt; P\u00e9riode de conservation&gt; 1 mois<br \/>\nRaison Personalia&gt; P\u00e9riode de r\u00e9tention&gt; 1 mois<br \/>\nRaison Adresse&gt; P\u00e9riode de conservation&gt; 1 mois<br \/>\nRaison Enzovoort&gt; P\u00e9riode de conservation&gt; 1 mois<br \/>\nPartage de donn\u00e9es personnelles avec des tiers<br \/>\nR\u00e9sidence Le Mouron Rouge fournit exclusivement \u00e0 des tiers et seulement si cela est n\u00e9cessaire pour l&rsquo;ex\u00e9cution de notre accord avec vous ou pour se conformer \u00e0 une obligation l\u00e9gale.<\/p>\n<p><strong>Cookies, ou des techniques similaires, que nous utilisons<\/strong><br \/>\nLa R\u00e9sidence Le Mouron Rouge n&rsquo;utilise pas de cookies ni de techniques similaires.<\/p>\n<p><strong>Afficher, modifier ou supprimer des donn\u00e9es<\/strong><br \/>\nVous avez le droit de voir, de corriger ou de supprimer vos donn\u00e9es personnelles. Vous pouvez le faire vous-m\u00eame via les param\u00e8tres personnels de votre compte. En outre, vous avez le droit de retirer votre consentement au traitement des donn\u00e9es ou de vous opposer au traitement de vos donn\u00e9es personnelles par notre soci\u00e9t\u00e9 et vous avez le droit \u00e0 la portabilit\u00e9 des donn\u00e9es. Cela signifie que vous pouvez nous soumettre une demande d&rsquo;envoi des informations personnelles que nous avons dans votre fichier informatique \u00e0 vous ou \u00e0 un autre organisme que vous avez mentionn\u00e9. Si vous souhaitez exercer votre droit d&rsquo;opposition et \/ ou votre droit \u00e0 la portabilit\u00e9 des donn\u00e9es ou si vous avez d&rsquo;autres questions \/ commentaires sur le traitement des donn\u00e9es, veuillez envoyer une demande sp\u00e9cifique \u00e0\u00a0<span id=\"cloak723b9fe73d1d019dba5962ff3eda50c1\"><\/span><a href=\"mailto:reservation@lemouronrouge.com\">reservation@lemouronrouge.com<\/a>.\u00a0Afin de vous assurer que votre demande d&rsquo;acc\u00e8s a bien \u00e9t\u00e9 faite, nous vous demandons d&rsquo;envoyer une copie de votre pi\u00e8ce d&rsquo;identit\u00e9 avec la demande. Faites votre photo de passeport, la ZLA (zone lisible par machine, la bande avec les num\u00e9ros au bas du passeport), le num\u00e9ro de passeport et le num\u00e9ro de service citoyen (BSN) noir dans cette copie. C&rsquo;est pour prot\u00e9ger votre vie priv\u00e9e. La R\u00e9sidence Le Mouron Rouge r\u00e9pondra \u00e0 votre demande le plus rapidement possible, mais dans tous les cas dans un d\u00e9lai de quatre semaines. La R\u00e9sidence Le Mouron Rouge tient \u00e9galement \u00e0 signaler que vous avez la possibilit\u00e9 de d\u00e9poser une plainte aupr\u00e8s de l&rsquo;autorit\u00e9 nationale de surveillance, l&rsquo;autorit\u00e9 n\u00e9erlandaise de protection des donn\u00e9es. Cela peut \u00eatre fait via le lien suivant:\u00a0<a href=\"https:\/\/autoriteitpersoonsgegevens.nl\/nl\/contact-met-de-autoriteit-persoonsgegevens\/tip-ons\">https:\/\/autoriteitpersoonsgegevens.nl\/nl\/contact-met-de-autoriteit-persoonsgegevens\/tip-ons<\/a><\/p>\n<p><strong>Comment nous prot\u00e9geons les donn\u00e9es personnelles<\/strong><br \/>\nLa R\u00e9sidence Le Mouron Rouge prend la protection de vos donn\u00e9es au s\u00e9rieux et prend les mesures appropri\u00e9es pour pr\u00e9venir les abus, les pertes, les acc\u00e8s non autoris\u00e9s, les divulgations non d\u00e9sir\u00e9es et les modifications non autoris\u00e9es. Si vous avez l&rsquo;impression que vos donn\u00e9es ne sont pas s\u00e9curis\u00e9es ou qu&rsquo;il y a des indications d&rsquo;abus, veuillez contacter notre service client ou via\u00a0<span id=\"cloakdffb280480bcf21d96222266f7ccb76b\"><a href=\"mailto:reservation@lemouronrouge.com\">reservation@lemouronrouge.com<\/a><\/span><\/p>\n\t\t\t\t\t\t\t\t<\/div>\n\t\t\t\t<\/div>\n\t\t\t\t\t<\/div>\n\t\t<\/div>\n\t\t\t\t\t<\/div>\n\t\t<\/section>\n\t\t\t\t<section class=\"elementor-section elementor-top-section elementor-element elementor-element-3c72e042 elementor-section-boxed elementor-section-height-default elementor-section-height-default\" data-id=\"3c72e042\" data-element_type=\"section\" data-e-type=\"section\">\n\t\t\t\t\t\t<div class=\"elementor-container elementor-column-gap-default\">\n\t\t\t\t\t<div class=\"elementor-column elementor-col-100 elementor-top-column elementor-element elementor-element-efdbb58\" data-id=\"efdbb58\" data-element_type=\"column\" data-e-type=\"column\">\n\t\t\t<div class=\"elementor-widget-wrap\">\n\t\t\t\t\t\t\t<\/div>\n\t\t<\/div>\n\t\t\t\t\t<\/div>\n\t\t<\/section>\n\t\t\t\t<section class=\"elementor-section elementor-top-section elementor-element elementor-element-20bd71c1 elementor-section-boxed elementor-section-height-default elementor-section-height-default\" data-id=\"20bd71c1\" data-element_type=\"section\" data-e-type=\"section\">\n\t\t\t\t\t\t<div class=\"elementor-container elementor-column-gap-default\">\n\t\t\t\t\t<div class=\"elementor-column elementor-col-100 elementor-top-column elementor-element elementor-element-27c8416\" data-id=\"27c8416\" data-element_type=\"column\" data-e-type=\"column\">\n\t\t\t<div class=\"elementor-widget-wrap\">\n\t\t\t\t\t\t\t<\/div>\n\t\t<\/div>\n\t\t\t\t\t<\/div>\n\t\t<\/section>\n\t\t\t\t<section class=\"elementor-section elementor-top-section elementor-element elementor-element-330fbe2 elementor-section-boxed elementor-section-height-default elementor-section-height-default\" data-id=\"330fbe2\" data-element_type=\"section\" data-e-type=\"section\">\n\t\t\t\t\t\t<div class=\"elementor-container elementor-column-gap-default\">\n\t\t\t\t\t<div class=\"elementor-column elementor-col-100 elementor-top-column elementor-element elementor-element-e0ffee5\" data-id=\"e0ffee5\" data-element_type=\"column\" data-e-type=\"column\">\n\t\t\t<div class=\"elementor-widget-wrap\">\n\t\t\t\t\t\t\t<\/div>\n\t\t<\/div>\n\t\t\t\t\t<\/div>\n\t\t<\/section>\n\t\t\t\t<\/div>\n\t\t","protected":false},"excerpt":{"rendered":"<p>r D\u00e9claration de confidentialit\u00e9 R\u00e9sidence Le Mouron Rouge, situ\u00e9e \u00e0 la R\u00e9sidence Le Mouron Rouge 1115 Route du Luc BP 9 83680 La Garde-Freinet France T\u00e9l: 00 33 (0) 4 94 43 66 33 Port: 00 33 (0) 6 10 20 73 39, est responsable du traitement des donn\u00e9es personnelles comme indiqu\u00e9 dans cette d\u00e9claration [&hellip;]<\/p>\n","protected":false},"author":1,"featured_media":0,"parent":0,"menu_order":0,"comment_status":"closed","ping_status":"closed","template":"","meta":{"site-sidebar-layout":"no-sidebar","site-content-layout":"page-builder","ast-site-content-layout":"default","site-content-style":"default","site-sidebar-style":"default","ast-global-header-display":"","ast-banner-title-visibility":"","ast-main-header-display":"","ast-hfb-above-header-display":"","ast-hfb-below-header-display":"","ast-hfb-mobile-header-display":"","site-post-title":"disabled","ast-breadcrumbs-content":"","ast-featured-img":"disabled","footer-sml-layout":"","ast-disable-related-posts":"","theme-transparent-header-meta":"default","adv-header-id-meta":"","stick-header-meta":"default","header-above-stick-meta":"","header-main-stick-meta":"","header-below-stick-meta":"","astra-migrate-meta-layouts":"default","ast-page-background-enabled":"default","ast-page-background-meta":{"desktop":{"background-color":"","background-image":"","background-repeat":"repeat","background-position":"center center","background-size":"auto","background-attachment":"scroll","background-type":"","background-media":"","overlay-type":"","overlay-color":"","overlay-opacity":"","overlay-gradient":""},"tablet":{"background-color":"","background-image":"","background-repeat":"repeat","background-position":"center center","background-size":"auto","background-attachment":"scroll","background-type":"","background-media":"","overlay-type":"","overlay-color":"","overlay-opacity":"","overlay-gradient":""},"mobile":{"background-color":"","background-image":"","background-repeat":"repeat","background-position":"center center","background-size":"auto","background-attachment":"scroll","background-type":"","background-media":"","overlay-type":"","overlay-color":"","overlay-opacity":"","overlay-gradient":""}},"ast-content-background-meta":{"desktop":{"background-color":"var(--ast-global-color-5)","background-image":"","background-repeat":"repeat","background-position":"center center","background-size":"auto","background-attachment":"scroll","background-type":"","background-media":"","overlay-type":"","overlay-color":"","overlay-opacity":"","overlay-gradient":""},"tablet":{"background-color":"var(--ast-global-color-5)","background-image":"","background-repeat":"repeat","background-position":"center center","background-size":"auto","background-attachment":"scroll","background-type":"","background-media":"","overlay-type":"","overlay-color":"","overlay-opacity":"","overlay-gradient":""},"mobile":{"background-color":"var(--ast-global-color-5)","background-image":"","background-repeat":"repeat","background-position":"center center","background-size":"auto","background-attachment":"scroll","background-type":"","background-media":"","overlay-type":"","overlay-color":"","overlay-opacity":"","overlay-gradient":""}},"footnotes":""},"class_list":["post-1159","page","type-page","status-publish","hentry"],"_links":{"self":[{"href":"https:\/\/lemouronrouge.com\/fr\/wp-json\/wp\/v2\/pages\/1159","targetHints":{"allow":["GET"]}}],"collection":[{"href":"https:\/\/lemouronrouge.com\/fr\/wp-json\/wp\/v2\/pages"}],"about":[{"href":"https:\/\/lemouronrouge.com\/fr\/wp-json\/wp\/v2\/types\/page"}],"author":[{"embeddable":true,"href":"https:\/\/lemouronrouge.com\/fr\/wp-json\/wp\/v2\/users\/1"}],"replies":[{"embeddable":true,"href":"https:\/\/lemouronrouge.com\/fr\/wp-json\/wp\/v2\/comments?post=1159"}],"version-history":[{"count":5,"href":"https:\/\/lemouronrouge.com\/fr\/wp-json\/wp\/v2\/pages\/1159\/revisions"}],"predecessor-version":[{"id":1623,"href":"https:\/\/lemouronrouge.com\/fr\/wp-json\/wp\/v2\/pages\/1159\/revisions\/1623"}],"wp:attachment":[{"href":"https:\/\/lemouronrouge.com\/fr\/wp-json\/wp\/v2\/media?parent=1159"}],"curies":[{"name":"wp","href":"https:\/\/api.w.org\/{rel}","templated":true}]}}