{"id":1136,"date":"2019-12-13T08:16:58","date_gmt":"2019-12-13T08:16:58","guid":{"rendered":"http:\/\/lemouronrouge.com\/condizioni-generali\/"},"modified":"2023-09-11T14:16:35","modified_gmt":"2023-09-11T14:16:35","slug":"condizioni-generali","status":"publish","type":"page","link":"https:\/\/lemouronrouge.com\/it\/condizioni-generali\/","title":{"rendered":"Condizioni generali"},"content":{"rendered":"\t\t<div data-elementor-type=\"wp-page\" data-elementor-id=\"1136\" class=\"elementor elementor-1136\" data-elementor-post-type=\"page\">\n\t\t\t\t\t\t<section class=\"elementor-section elementor-top-section elementor-element elementor-element-2ddaef1 elementor-section-full_width elementor-section-height-default elementor-section-height-default\" data-id=\"2ddaef1\" data-element_type=\"section\" data-e-type=\"section\">\n\t\t\t\t\t\t<div class=\"elementor-container elementor-column-gap-default\">\n\t\t\t\t\t<div class=\"elementor-column elementor-col-100 elementor-top-column elementor-element elementor-element-280b8a2\" data-id=\"280b8a2\" data-element_type=\"column\" data-e-type=\"column\">\n\t\t\t<div class=\"elementor-widget-wrap elementor-element-populated\">\n\t\t\t\t\t\t<div class=\"elementor-element elementor-element-7cc1aef elementor--h-position-center elementor--v-position-middle elementor-widget elementor-widget-slides\" data-id=\"7cc1aef\" data-element_type=\"widget\" data-e-type=\"widget\" data-settings=\"{&quot;navigation&quot;:&quot;none&quot;,&quot;autoplay&quot;:&quot;yes&quot;,&quot;autoplay_speed&quot;:5000,&quot;infinite&quot;:&quot;yes&quot;,&quot;transition&quot;:&quot;slide&quot;,&quot;transition_speed&quot;:500}\" data-widget_type=\"slides.default\">\n\t\t\t\t<div class=\"elementor-widget-container\">\n\t\t\t\t\t\t\t\t\t<div class=\"elementor-swiper\">\n\t\t\t\t\t<div class=\"elementor-slides-wrapper elementor-main-swiper swiper\" role=\"region\" aria-roledescription=\"carousel\" aria-label=\"Slides\" dir=\"ltr\" data-animation=\"fadeInUp\">\n\t\t\t\t<div class=\"swiper-wrapper elementor-slides\">\n\t\t\t\t\t\t\t\t\t\t<div class=\"elementor-repeater-item-269e9ca swiper-slide\" role=\"group\" aria-roledescription=\"slide\"><div class=\"swiper-slide-bg\" role=\"img\" aria-label=\"IMG 6910\"><\/div><div class=\"swiper-slide-inner\" ><div class=\"swiper-slide-contents\"><\/div><\/div><\/div><div class=\"elementor-repeater-item-a52eef7 swiper-slide\" role=\"group\" aria-roledescription=\"slide\"><div class=\"swiper-slide-bg\" role=\"img\" aria-label=\"Lavendel\"><\/div><div class=\"swiper-slide-inner\" ><div class=\"swiper-slide-contents\"><\/div><\/div><\/div><div class=\"elementor-repeater-item-605d02b swiper-slide\" role=\"group\" aria-roledescription=\"slide\"><div class=\"swiper-slide-bg\" role=\"img\" aria-label=\"IMG 7146\"><\/div><div class=\"swiper-slide-inner\" ><div class=\"swiper-slide-contents\"><\/div><\/div><\/div><div class=\"elementor-repeater-item-b4d187e swiper-slide\" role=\"group\" aria-roledescription=\"slide\"><div class=\"swiper-slide-bg\" role=\"img\" aria-label=\"IMG 6909\"><\/div><div class=\"swiper-slide-inner\" ><div class=\"swiper-slide-contents\"><\/div><\/div><\/div><div class=\"elementor-repeater-item-e793bda swiper-slide\" role=\"group\" aria-roledescription=\"slide\"><div class=\"swiper-slide-bg\" role=\"img\" aria-label=\"IMG 20190606 WA0029\"><\/div><div class=\"swiper-slide-inner\" ><div class=\"swiper-slide-contents\"><\/div><\/div><\/div><div class=\"elementor-repeater-item-7b5e4d2 swiper-slide\" role=\"group\" aria-roledescription=\"slide\"><div class=\"swiper-slide-bg\" role=\"img\" aria-label=\"Tuin\"><\/div><div class=\"swiper-slide-inner\" ><div class=\"swiper-slide-contents\"><\/div><\/div><\/div>\t\t\t\t<\/div>\n\t\t\t\t\t\t\t\t\t\t\t\t\t\t\t\t\t\t\t\t\t<\/div>\n\t\t\t\t<\/div>\n\t\t\t\t\t\t\t\t<\/div>\n\t\t\t\t<\/div>\n\t\t\t\t\t<\/div>\n\t\t<\/div>\n\t\t\t\t\t<\/div>\n\t\t<\/section>\n\t\t\t\t<section class=\"elementor-section elementor-top-section elementor-element elementor-element-2f6ac1c1 elementor-section-boxed elementor-section-height-default elementor-section-height-default\" data-id=\"2f6ac1c1\" data-element_type=\"section\" data-e-type=\"section\">\n\t\t\t\t\t\t<div class=\"elementor-container elementor-column-gap-default\">\n\t\t\t\t\t<div class=\"elementor-column elementor-col-100 elementor-top-column elementor-element elementor-element-43490c63\" data-id=\"43490c63\" data-element_type=\"column\" data-e-type=\"column\">\n\t\t\t<div class=\"elementor-widget-wrap elementor-element-populated\">\n\t\t\t\t\t\t<div class=\"elementor-element elementor-element-4099e0da elementor-invisible elementor-widget elementor-widget-heading\" data-id=\"4099e0da\" data-element_type=\"widget\" data-e-type=\"widget\" data-settings=\"{&quot;_animation&quot;:&quot;fadeInLeft&quot;,&quot;_animation_delay&quot;:500}\" data-widget_type=\"heading.default\">\n\t\t\t\t<div class=\"elementor-widget-container\">\n\t\t\t\t\t<h1 class=\"elementor-heading-title elementor-size-default\">Condizioni generali<\/h1>\t\t\t\t<\/div>\n\t\t\t\t<\/div>\n\t\t\t\t\t<\/div>\n\t\t<\/div>\n\t\t\t\t\t<\/div>\n\t\t<\/section>\n\t\t\t\t<section class=\"elementor-section elementor-top-section elementor-element elementor-element-24ae3bea elementor-section-boxed elementor-section-height-default elementor-section-height-default\" data-id=\"24ae3bea\" data-element_type=\"section\" data-e-type=\"section\">\n\t\t\t\t\t\t<div class=\"elementor-container elementor-column-gap-default\">\n\t\t\t\t\t<div class=\"elementor-column elementor-col-100 elementor-top-column elementor-element elementor-element-436ac4f7\" data-id=\"436ac4f7\" data-element_type=\"column\" data-e-type=\"column\">\n\t\t\t<div class=\"elementor-widget-wrap elementor-element-populated\">\n\t\t\t\t\t\t<div class=\"elementor-element elementor-element-1a4dd5d0 elementor-widget elementor-widget-text-editor\" data-id=\"1a4dd5d0\" data-element_type=\"widget\" data-e-type=\"widget\" data-widget_type=\"text-editor.default\">\n\t\t\t\t<div class=\"elementor-widget-container\">\n\t\t\t\t\t\t\t\t\t<p>I seguenti termini e condizioni si applicano a tutte le case vacanza ammobiliate di Le Mouron Rouge, 83680, La Garde-Freinet, Francia. <br \/>Quando prenotate una delle nostre propriet\u00e0, presumiamo che abbiate letto e accettato i nostri termini e condizioni.<\/p><p>\u00a0<\/p><p><strong>Soggiorno<\/strong><\/p><ul><li>\u00c8 possibile effettuare il check-in\u00a0 dalle 16.00 e il check-out deve essere fatto prima delle 10.00.<\/li><li>Nel caso vogliate effettuare il check-in in orario differente vi preghiamo di chiamarci al numero 0033 (0)6 10 20 73 39<\/li><li>La pulizia finale non \u00e8 calcolata. Ci aspettiamo che voi lasciate pulito il cottage come lo avete trovato. Vi chiediamo di pulire il pavimento delle stanze, svuotare il frigorifero, lavare i piatti e svuotare la spazzatura e altri rifiuti.<\/li><li>Il vostro cottage ha uno strofinaccio, uno spazzolino per piatti, detersivo per piatti, sacchi per i rifiuti, fiammiferi, saponi per le mani, macchina del caff\u00e8 con filtri, bollitore, tostapane, fornelli, frigorifero e forno. Filtri per caff\u00e8, tovaglie\/sotto piatti, un cavatappi, carta igienica, utensili per cucina, posate sono sempre presenti.<\/li><li>Lenzuola, asciugamani, teli da bagno e strofinacci sono inclusi nel prezzo.<\/li><li>La lavatrice \u00e8 disponibile al prezzo di 5 euro per ciclo. La lavatrice \u00e8 posizionata nell&#8217;edificio principale e viene utilizzata per uso generale.<\/li><li>Gli animali domestici non sono accettati a luglio e agosto, ma possono essere portati previa richiesta negli altri mesi.<\/li><li>\u00c8 proibito fumare all&#8217;interno dei cottage.<\/li><\/ul><p>Termini e condizioni di pagamento<\/p><ul><li>Al momento della prenotazione, vorremmo ricevere un acconto del 40% dell&#8217;importo totale entro 14 giorni.<\/li><li>Puoi trasferirci l&#8217;importo rimanente 6 settimane prima dell&#8217;arrivo.<br \/>La prenotazione \u00e8 definitiva e confermata dopo aver ricevuto il pagamento (anticipo).<\/li><li>Una prenotazione \u00e8 definitiva solo quando abbiamo inviato una conferma ufficiale, e-mail o messaggi in anticipo non sono definitivi e\/o validi da entrambe le parti.<\/li><li>Le spese di alloggio sono dovute per l&#8217;intero periodo prenotato, anche se si arriva pi\u00f9 tardi o si parte prima.<\/li><li>Sei responsabile del controllo dei dettagli corretti della tua prenotazione. (data, numero di persone, quale gite)<\/li><li>Non \u00e8 consentito il subaffitto, durante il soggiorno deve essere presente anche il nome del prenotante.<\/li><\/ul><p>Cancellazione<\/p><ul><li>Le cancellazioni devono essere segnalate per iscritto. La data in cui riceviamo la cancellazione \u00e8 determinante.<\/li><li>In caso di cancellazione da parte dell&#8217;inquilino prima di 6 settimane prima dell&#8217;inizio del periodo di locazione, le spese di cancellazione sono pari alla caparra.<\/li><li>In caso di annullamento da parte dell&#8217;inquilino meno di 6 settimane prima dell&#8217;inizio del periodo di locazione, le spese di annullamento ammontano al 100% del canone totale.<\/li><li>Ti consigliamo di stipulare un&#8217;assicurazione di annullamento e di viaggio.<\/li><\/ul><p><strong>Responsabilit\u00e0<\/strong><\/p><ul><li>Il gestore della propriet\u00e0 non \u00e8 responsabile nel caso di danni o furto delle propriet\u00e0 dell&#8217;inquilino.<\/li><li>Il gestore della propriet\u00e0 non \u00e8 responsabile per qualsiasi incidente o infortunio da lui subito o inferto ad altre persone durante la sua permanenza, a meno che non sia la conseguenza di una caduta nella propriet\u00e0 e che possa essere attribuibile al gestore della propriet\u00e0.<\/li><li>L&#8217;inquilino \u00e8 responsabile nei confronti del gestore della propriet\u00e0 per i danni all&#8217;edificio e al terreno oltre ai danni alle propriet\u00e0 di altri inquilini nel caso siano dovute da omissioni da parte dell&#8217;inquilino, della sua famiglia o di suoi ospiti.<\/li><li>L&#8217;inquilino pu\u00f2 utilizzare la piscina. L&#8217;uso della piscina \u00e8 comunque a proprio rischio e pericolo. I bambini non possono mai utilizzare la piscina senza la supervisione dei suoi genitori.<\/li><li>Non accettiamo alcuna responsabilit\u00e0 per l&#8217;utilizzo della piscina.<\/li><li>Nel caso riceviate persone che utilizzano le nostre strutture vi preghiamo di informarci!<\/li><\/ul><p><strong>Animali domestici<\/strong><\/p><ul><li>Non \u00e8 permesso portare animali in luglio e agosto. Negli altri mesi \u00e8 permesso previa consultazione.<\/li><li>Altri ospiti possono dar fastidio dalla presenza dei vostri animali.<\/li><li>Nella propriet\u00e0 gli animali domestici dovranno essere tenuti al guinzaglio.<\/li><li>Non \u00e8 permesso lasciare il vostro animale senza supervisione nell&#8217;area o all&#8217;interno del cottage.<\/li><li>La nostra area non \u00e8 chiusa e pu\u00f2 essere visitata da qualsiasi tipo di animale selvatico. Gli animali domestici devono evitare contatti con loro.<\/li><li>Non \u00e8 permesso ai vostri animali di fare I loro bisogni sul prato. In caso succeda il proprietario \u00e8 obbligato a pulire.<\/li><\/ul>\t\t\t\t\t\t\t\t<\/div>\n\t\t\t\t<\/div>\n\t\t\t\t\t<\/div>\n\t\t<\/div>\n\t\t\t\t\t<\/div>\n\t\t<\/section>\n\t\t\t\t<section class=\"elementor-section elementor-top-section elementor-element elementor-element-2a8afd8d elementor-section-boxed elementor-section-height-default elementor-section-height-default\" data-id=\"2a8afd8d\" data-element_type=\"section\" data-e-type=\"section\">\n\t\t\t\t\t\t<div class=\"elementor-container elementor-column-gap-default\">\n\t\t\t\t\t<div class=\"elementor-column elementor-col-100 elementor-top-column elementor-element elementor-element-54edbed\" data-id=\"54edbed\" data-element_type=\"column\" data-e-type=\"column\">\n\t\t\t<div class=\"elementor-widget-wrap\">\n\t\t\t\t\t\t\t<\/div>\n\t\t<\/div>\n\t\t\t\t\t<\/div>\n\t\t<\/section>\n\t\t\t\t<section class=\"elementor-section elementor-top-section elementor-element elementor-element-51840db0 elementor-section-boxed elementor-section-height-default elementor-section-height-default\" data-id=\"51840db0\" data-element_type=\"section\" data-e-type=\"section\">\n\t\t\t\t\t\t<div class=\"elementor-container elementor-column-gap-default\">\n\t\t\t\t\t<div class=\"elementor-column elementor-col-100 elementor-top-column elementor-element elementor-element-cb1c167\" data-id=\"cb1c167\" data-element_type=\"column\" data-e-type=\"column\">\n\t\t\t<div class=\"elementor-widget-wrap\">\n\t\t\t\t\t\t\t<\/div>\n\t\t<\/div>\n\t\t\t\t\t<\/div>\n\t\t<\/section>\n\t\t\t\t<section class=\"elementor-section elementor-top-section elementor-element elementor-element-47bd2cb5 elementor-section-boxed elementor-section-height-default elementor-section-height-default\" data-id=\"47bd2cb5\" data-element_type=\"section\" data-e-type=\"section\">\n\t\t\t\t\t\t<div class=\"elementor-container elementor-column-gap-default\">\n\t\t\t\t\t<div class=\"elementor-column elementor-col-100 elementor-top-column elementor-element elementor-element-7f3755c\" data-id=\"7f3755c\" data-element_type=\"column\" data-e-type=\"column\">\n\t\t\t<div class=\"elementor-widget-wrap\">\n\t\t\t\t\t\t\t<\/div>\n\t\t<\/div>\n\t\t\t\t\t<\/div>\n\t\t<\/section>\n\t\t\t\t<\/div>\n\t\t","protected":false},"excerpt":{"rendered":"<p>Condizioni generali I seguenti termini e condizioni si applicano a tutte le case vacanza ammobiliate di Le Mouron Rouge, 83680, La Garde-Freinet, Francia. Quando prenotate una delle nostre propriet\u00e0, presumiamo che abbiate letto e accettato i nostri termini e condizioni. \u00a0 Soggiorno \u00c8 possibile effettuare il check-in\u00a0 dalle 16.00 e il check-out deve essere fatto [&hellip;]<\/p>\n","protected":false},"author":1,"featured_media":0,"parent":0,"menu_order":0,"comment_status":"closed","ping_status":"closed","template":"","meta":{"site-sidebar-layout":"no-sidebar","site-content-layout":"page-builder","ast-site-content-layout":"default","site-content-style":"default","site-sidebar-style":"default","ast-global-header-display":"","ast-banner-title-visibility":"","ast-main-header-display":"","ast-hfb-above-header-display":"","ast-hfb-below-header-display":"","ast-hfb-mobile-header-display":"","site-post-title":"disabled","ast-breadcrumbs-content":"","ast-featured-img":"disabled","footer-sml-layout":"","ast-disable-related-posts":"","theme-transparent-header-meta":"default","adv-header-id-meta":"","stick-header-meta":"default","header-above-stick-meta":"","header-main-stick-meta":"","header-below-stick-meta":"","astra-migrate-meta-layouts":"default","ast-page-background-enabled":"default","ast-page-background-meta":{"desktop":{"background-color":"","background-image":"","background-repeat":"repeat","background-position":"center center","background-size":"auto","background-attachment":"scroll","background-type":"","background-media":"","overlay-type":"","overlay-color":"","overlay-opacity":"","overlay-gradient":""},"tablet":{"background-color":"","background-image":"","background-repeat":"repeat","background-position":"center center","background-size":"auto","background-attachment":"scroll","background-type":"","background-media":"","overlay-type":"","overlay-color":"","overlay-opacity":"","overlay-gradient":""},"mobile":{"background-color":"","background-image":"","background-repeat":"repeat","background-position":"center center","background-size":"auto","background-attachment":"scroll","background-type":"","background-media":"","overlay-type":"","overlay-color":"","overlay-opacity":"","overlay-gradient":""}},"ast-content-background-meta":{"desktop":{"background-color":"var(--ast-global-color-5)","background-image":"","background-repeat":"repeat","background-position":"center center","background-size":"auto","background-attachment":"scroll","background-type":"","background-media":"","overlay-type":"","overlay-color":"","overlay-opacity":"","overlay-gradient":""},"tablet":{"background-color":"var(--ast-global-color-5)","background-image":"","background-repeat":"repeat","background-position":"center center","background-size":"auto","background-attachment":"scroll","background-type":"","background-media":"","overlay-type":"","overlay-color":"","overlay-opacity":"","overlay-gradient":""},"mobile":{"background-color":"var(--ast-global-color-5)","background-image":"","background-repeat":"repeat","background-position":"center center","background-size":"auto","background-attachment":"scroll","background-type":"","background-media":"","overlay-type":"","overlay-color":"","overlay-opacity":"","overlay-gradient":""}},"footnotes":""},"class_list":["post-1136","page","type-page","status-publish","hentry"],"_links":{"self":[{"href":"https:\/\/lemouronrouge.com\/it\/wp-json\/wp\/v2\/pages\/1136","targetHints":{"allow":["GET"]}}],"collection":[{"href":"https:\/\/lemouronrouge.com\/it\/wp-json\/wp\/v2\/pages"}],"about":[{"href":"https:\/\/lemouronrouge.com\/it\/wp-json\/wp\/v2\/types\/page"}],"author":[{"embeddable":true,"href":"https:\/\/lemouronrouge.com\/it\/wp-json\/wp\/v2\/users\/1"}],"replies":[{"embeddable":true,"href":"https:\/\/lemouronrouge.com\/it\/wp-json\/wp\/v2\/comments?post=1136"}],"version-history":[{"count":19,"href":"https:\/\/lemouronrouge.com\/it\/wp-json\/wp\/v2\/pages\/1136\/revisions"}],"predecessor-version":[{"id":5668,"href":"https:\/\/lemouronrouge.com\/it\/wp-json\/wp\/v2\/pages\/1136\/revisions\/5668"}],"wp:attachment":[{"href":"https:\/\/lemouronrouge.com\/it\/wp-json\/wp\/v2\/media?parent=1136"}],"curies":[{"name":"wp","href":"https:\/\/api.w.org\/{rel}","templated":true}]}}